{"id":4148,"date":"2017-05-29T18:40:09","date_gmt":"2017-05-29T18:40:09","guid":{"rendered":"https:\/\/seniorexpertcontact.org\/newsletter-confirmation\/"},"modified":"2019-11-20T09:18:00","modified_gmt":"2019-11-20T09:18:00","slug":"newsletter-confirmation","status":"publish","type":"page","link":"https:\/\/seniorexpertcontact.org\/es\/newsletter-confirmation\/","title":{"rendered":"Confirmation Bolet\u00edn informativo"},"content":{"rendered":"<div class=\"slider-wrapper relative\" id=\"slider-304315168\" >\n    <div class=\"slider slider-nav-circle slider-nav-large slider-nav-light slider-style-normal\"\n        data-flickity-options='{\n            \"cellAlign\": \"center\",\n            \"imagesLoaded\": true,\n            \"lazyLoad\": 1,\n            \"freeScroll\": false,\n            \"wrapAround\": true,\n            \"autoPlay\": false,\n            \"pauseAutoPlayOnHover\" : true,\n            \"prevNextButtons\": false,\n            \"contain\" : true,\n            \"adaptiveHeight\" : true,\n            \"dragThreshold\" : 10,\n            \"percentPosition\": true,\n            \"pageDots\": false,\n            \"rightToLeft\": false,\n            \"draggable\": true,\n            \"selectedAttraction\": 0.1,\n            \"parallax\" : 4,\n            \"friction\": 0.6        }'\n        >\n        \n\n  <div class=\"banner has-hover has-parallax\" id=\"banner-58104937\">\n          <div class=\"banner-inner fill\">\n        <div class=\"banner-bg fill\" data-parallax=\"-4\" data-parallax-container=\".banner\" data-parallax-background>\n            <img loading=\"lazy\" decoding=\"async\" width=\"1400\" height=\"1039\" src=\"https:\/\/seniorexpertcontact.org\/wp-content\/uploads\/SEC_Bussink_Medicine_Nepal_2012.jpg\" class=\"bg attachment-orginal size-orginal\" alt=\"Einsatzbeispiel Senior Expert Corps (SEC) Schweiz\" \/>                                    \n                    <\/div>\n\t\t\n        <div class=\"banner-layers container\">\n            <div class=\"fill banner-link\"><\/div>            \n        <\/div>\n      <\/div>\n\n            \n<style>\n#banner-58104937 {\n  padding-top: 270px;\n}\n#banner-58104937 .banner-bg img {\n  object-position: 49% 35%;\n}\n<\/style>\n  <\/div>\n\n\n     <\/div>\n\n     <div class=\"loading-spin dark large centered\"><\/div>\n\n\t<\/div>\n\n\n<div class=\"container section-title-container\" ><h3 class=\"section-title section-title-normal\"><b aria-hidden=\"true\"><\/b><span class=\"section-title-main\" >Gracias por su inter\u00e9s en nuestra empresa.<\/span><b aria-hidden=\"true\"><\/b><\/h3><\/div>\n<div class=\"row\"  id=\"row-331595956\">\n\n\t<div id=\"col-1099801764\" class=\"col small-12 large-12\"  >\n\t\t\t\t<div class=\"col-inner\"  >\n\t\t\t\n\t\t\t\n<h3>La seguridad es importante para nosotros.<\/h3>\n<p>Con el registro de su bolet\u00edn de noticias, nosotros le enviamos autom\u00e1ticamente un e-mail a la direcci\u00f3n de correo electr\u00f3nico que usted introdujo. Para completar su registro para recibir nuestro bolet\u00edn de noticias, por favor haga clic en el enlace del bolet\u00edn para confirmar su direcci\u00f3n de correo electr\u00f3nico.<\/p>\n<p><strong>Si no ha recibido un correo electr\u00f3nico de confirmaci\u00f3n de nuestra parte, por favor compruebe la carpeta &#8220;Spam&#8221; en su buz\u00f3n de correo electr\u00f3nico. Gracias. <br \/><\/strong><\/p>\n<p>Saludos cordiales<br \/> Senior Expert Contact (SEC)<\/p>\n\t<div id=\"gap-800190817\" class=\"gap-element clearfix\" style=\"display:block; height:auto;\">\n\t\t\n<style>\n#gap-800190817 {\n  padding-top: 60px;\n}\n<\/style>\n\t<\/div>\n\t\n\t\t<\/div>\n\t\t\t\t\t<\/div>\n\n\t\n<\/div>\n","protected":false},"excerpt":{"rendered":"","protected":false},"author":1,"featured_media":1710,"parent":0,"menu_order":0,"comment_status":"closed","ping_status":"closed","template":"page-blank.php","meta":{"footnotes":""},"class_list":["post-4148","page","type-page","status-publish","has-post-thumbnail","hentry"],"aioseo_notices":[],"_links":{"self":[{"href":"https:\/\/seniorexpertcontact.org\/es\/wp-json\/wp\/v2\/pages\/4148","targetHints":{"allow":["GET"]}}],"collection":[{"href":"https:\/\/seniorexpertcontact.org\/es\/wp-json\/wp\/v2\/pages"}],"about":[{"href":"https:\/\/seniorexpertcontact.org\/es\/wp-json\/wp\/v2\/types\/page"}],"author":[{"embeddable":true,"href":"https:\/\/seniorexpertcontact.org\/es\/wp-json\/wp\/v2\/users\/1"}],"replies":[{"embeddable":true,"href":"https:\/\/seniorexpertcontact.org\/es\/wp-json\/wp\/v2\/comments?post=4148"}],"version-history":[{"count":0,"href":"https:\/\/seniorexpertcontact.org\/es\/wp-json\/wp\/v2\/pages\/4148\/revisions"}],"wp:featuredmedia":[{"embeddable":true,"href":"https:\/\/seniorexpertcontact.org\/es\/wp-json\/wp\/v2\/media\/1710"}],"wp:attachment":[{"href":"https:\/\/seniorexpertcontact.org\/es\/wp-json\/wp\/v2\/media?parent=4148"}],"curies":[{"name":"wp","href":"https:\/\/api.w.org\/{rel}","templated":true}]}}