{"id":4167,"date":"2017-05-23T19:25:03","date_gmt":"2017-05-23T17:25:03","guid":{"rendered":"https:\/\/seniorexpertcontact.org\/offene-einsaetze\/freie-spenden\/"},"modified":"2026-04-01T16:49:40","modified_gmt":"2026-04-01T14:49:40","slug":"donaciones","status":"publish","type":"page","link":"https:\/\/seniorexpertcontact.org\/es\/donaciones\/","title":{"rendered":"Donaciones"},"content":{"rendered":"<div class=\"slider-wrapper relative\" id=\"slider-1304543446\" >\n    <div class=\"slider slider-nav-circle slider-nav-large slider-nav-light slider-style-normal\"\n        data-flickity-options='{\n            \"cellAlign\": \"center\",\n            \"imagesLoaded\": true,\n            \"lazyLoad\": 1,\n            \"freeScroll\": false,\n            \"wrapAround\": true,\n            \"autoPlay\": false,\n            \"pauseAutoPlayOnHover\" : true,\n            \"prevNextButtons\": false,\n            \"contain\" : true,\n            \"adaptiveHeight\" : true,\n            \"dragThreshold\" : 10,\n            \"percentPosition\": true,\n            \"pageDots\": false,\n            \"rightToLeft\": false,\n            \"draggable\": true,\n            \"selectedAttraction\": 0.1,\n            \"parallax\" : 0,\n            \"friction\": 0.6        }'\n        >\n        \n\n  <div class=\"banner has-hover\" id=\"banner-1593427821\">\n          <div class=\"banner-inner fill\">\n        <div class=\"banner-bg fill\" >\n            <img loading=\"lazy\" decoding=\"async\" width=\"1400\" height=\"1050\" src=\"https:\/\/seniorexpertcontact.org\/wp-content\/uploads\/SEC-CoordinatorSeminar_LA_2016-61.jpg\" class=\"bg attachment-orginal size-orginal\" alt=\"\" \/>                                    \n                    <\/div>\n\t\t\n        <div class=\"banner-layers container\">\n            <div class=\"fill banner-link\"><\/div>            \n        <\/div>\n      <\/div>\n\n            \n<style>\n#banner-1593427821 {\n  padding-top: 270px;\n}\n#banner-1593427821 .banner-bg img {\n  object-position: 46% 32%;\n}\n<\/style>\n  <\/div>\n\n\n     <\/div>\n\n     <div class=\"loading-spin dark large centered\"><\/div>\n\n\t<\/div>\n\n\n<div class=\"container section-title-container\" ><h1 class=\"section-title section-title-normal\"><b aria-hidden=\"true\"><\/b><span class=\"section-title-main\" >Donaciones \u2013 Impacto espec\u00edfico donde m\u00e1s se necesita<\/span><b aria-hidden=\"true\"><\/b><\/h1><\/div>\n<div class=\"row\"  id=\"row-467077585\">\n\n\t<div id=\"col-451443213\" class=\"col medium-8 small-12 large-8\"  >\n\t\t\t\t<div class=\"col-inner\"  >\n\t\t\t\n\t\t\t\n<p>Con su donaci\u00f3n, contribuye directamente a la <strong>financiaci\u00f3n de una misi\u00f3n de consultor\u00eda concreta<\/strong>: de forma transparente, espec\u00edfica y eficaz.<strong> Su donaci\u00f3n apoya a peque\u00f1as y medianas empresas (PYMES) e instituciones en pa\u00edses en desarrollo y emergentes<\/strong> que:<\/p>\n<div>\n<ul>\n<li>se enfrentan a retos empresariales,<\/li>\n<li>requieren conocimientos t\u00e9cnicos especializados,<\/li>\n<li>desean asegurar y crear puestos de trabajo sostenibles, y<\/li>\n<li>buscan establecer su autonom\u00eda a largo plazo.<\/li>\n<\/ul>\n<\/div>\n\t<div id=\"gap-1006416130\" class=\"gap-element clearfix\" style=\"display:block; height:auto;\">\n\t\t\n<style>\n#gap-1006416130 {\n  padding-top: 40px;\n}\n<\/style>\n\t<\/div>\n\t\n<div class=\"container section-title-container\" ><h3 class=\"section-title section-title-normal\"><b aria-hidden=\"true\"><\/b><span class=\"section-title-main\" >NUESTRAS CUENTAS<\/span><b aria-hidden=\"true\"><\/b><\/h3><\/div>\n<p class=\"lead\">Concepto\/Referencia: Donaci\u00f3n a favor del Senior Expert Contact<\/p>\n<h4>Titular de la cuenta: Swiss\u00adcon\u00adtact<\/h4>\n<p>Cuenta de correo<br \/>UBS AG, CH-8001 Z\u00fc\u00adrich<br \/>Clea\u00adring\u00adnum\u00admer: 206<br \/>SWIFT: UBSWCHZ\u00adH80A<br \/>IBAN: CH60 0020 6206 3134 2301B<\/p>\n\t<div id=\"gap-603587679\" class=\"gap-element clearfix\" style=\"display:block; height:auto;\">\n\t\t\n<style>\n#gap-603587679 {\n  padding-top: 30px;\n}\n<\/style>\n\t<\/div>\n\t\n<div class=\"container section-title-container\" ><h3 class=\"section-title section-title-normal\"><b aria-hidden=\"true\"><\/b><span class=\"section-title-main\" >Toda contribuci\u00f3n es bienvenida!<\/span><b aria-hidden=\"true\"><\/b><\/h3><\/div>\n<div class=\"row\"  id=\"row-668425038\">\n\n\t<div id=\"col-1229570695\" class=\"col medium-6 small-12 large-6\"  >\n\t\t\t\t<div class=\"col-inner\"  >\n\t\t\t\n\t\t\t\n\t<div class=\"img has-hover x md-x lg-x y md-y lg-y\" id=\"image_2072744401\">\n\t\t\t\t\t\t\t\t<div class=\"img-inner image-cover dark\" style=\"padding-top:50%;\">\n\t\t\t<img loading=\"lazy\" decoding=\"async\" width=\"1000\" height=\"562\" src=\"https:\/\/seniorexpertcontact.org\/wp-content\/uploads\/csm_R0018431_cd3e78a8dc-1000x562.jpg\" class=\"attachment-large size-large\" alt=\"\" srcset=\"https:\/\/seniorexpertcontact.org\/wp-content\/uploads\/csm_R0018431_cd3e78a8dc-1000x562.jpg 1000w, https:\/\/seniorexpertcontact.org\/wp-content\/uploads\/csm_R0018431_cd3e78a8dc-510x287.jpg 510w, https:\/\/seniorexpertcontact.org\/wp-content\/uploads\/csm_R0018431_cd3e78a8dc-280x157.jpg 280w, https:\/\/seniorexpertcontact.org\/wp-content\/uploads\/csm_R0018431_cd3e78a8dc-600x337.jpg 600w, https:\/\/seniorexpertcontact.org\/wp-content\/uploads\/csm_R0018431_cd3e78a8dc-768x432.jpg 768w, https:\/\/seniorexpertcontact.org\/wp-content\/uploads\/csm_R0018431_cd3e78a8dc-820x461.jpg 820w, https:\/\/seniorexpertcontact.org\/wp-content\/uploads\/csm_R0018431_cd3e78a8dc.jpg 2000w\" sizes=\"auto, (max-width: 1000px) 100vw, 1000px\" \/>\t\t\t\t\t\t\n\t\t\t\t\t<\/div>\n\t\t\t\t\t\t\t\t\n<style>\n#image_2072744401 {\n  width: 100%;\n}\n<\/style>\n\t<\/div>\n\t\n\t\t<\/div>\n\t\t\t\t\t<\/div>\n\n\t\n\n\t<div id=\"col-1740905445\" class=\"col medium-6 small-12 large-6\"  >\n\t\t\t\t<div class=\"col-inner\"  >\n\t\t\t\n\t\t\t\n\n\t<section class=\"section\" id=\"section_944695331\">\n\t\t<div class=\"section-bg fill\" >\n\t\t\t\t\t\t\t\t\t\n\t\t\t\n\n\t\t<\/div>\n\n\t\t\n\n\t\t<div class=\"section-content relative\">\n\t\t\t\n<a href=\"https:\/\/seniorexpertcontact.org\/es\/ueber-uns\/impressum-disclaimer\/\" class=\"button primary expand\" >\n\t\t<span>Impresi\u00f3n \/ Disclaimer<\/span>\n\t<\/a>\n\n\t\t<\/div>\n\n\t\t\n<style>\n#section_944695331 {\n  padding-top: 27px;\n  padding-bottom: 27px;\n  background-color: rgb(242, 242, 242);\n}\n<\/style>\n\t<\/section>\n\t\n\t\t<\/div>\n\t\t\t\t\t<\/div>\n\n\t\n<\/div>\n\t\t<\/div>\n\t\t\t\t\t<\/div>\n\n\t\n\n\t<div id=\"col-1610306019\" class=\"col medium-4 small-12 large-4\"  >\n\t\t\t\t<div class=\"col-inner\"  >\n\t\t\t\n\t\t\t\n\n\t<section class=\"section dark\" id=\"section_2002996036\">\n\t\t<div class=\"section-bg fill\" >\n\t\t\t\t\t\t\t\t\t\n\t\t\t\n\n\t\t<\/div>\n\n\t\t\n\n\t\t<div class=\"section-content relative\">\n\t\t\t\n<div class=\"container section-title-container\" ><h3 class=\"section-title section-title-normal\"><b aria-hidden=\"true\"><\/b><span class=\"section-title-main\" style=\"font-size:90%;\">Declaraciones del cliente<\/span><b aria-hidden=\"true\"><\/b><\/h3><\/div>\n<a data-animate=\"bounceInDown\" href=\"https:\/\/seniorexpertcontact.org\/es\/wirkung\/kundenstatements\/\" class=\"button white expand\" style=\"border-radius:5px;\">\n\t\t<span>Opiniones de los clientes<\/span>\n\t<\/a>\n\n\t\t<\/div>\n\n\t\t\n<style>\n#section_2002996036 {\n  padding-top: 30px;\n  padding-bottom: 30px;\n  background-color: rgba(0, 51, 141, 0.8);\n}\n<\/style>\n\t<\/section>\n\t\n\n\t<section class=\"section dark\" id=\"section_1999576118\">\n\t\t<div class=\"section-bg fill\" >\n\t\t\t\t\t\t\t\t\t\n\t\t\t\n\n\t\t<\/div>\n\n\t\t\n\n\t\t<div class=\"section-content relative\">\n\t\t\t\n<div class=\"container section-title-container\" ><h3 class=\"section-title section-title-normal\"><b aria-hidden=\"true\"><\/b><span class=\"section-title-main\" style=\"font-size:90%;\">EJEMPLOS DE CONSULTOR\u00cdAS<\/span><b aria-hidden=\"true\"><\/b><\/h3><\/div>\n<p>Descubra m\u00e1s sobre nuestras actividades con ejemplos de consultor\u00edas (clasificadas por pa\u00eds).<\/p>\n<a data-animate=\"bounceInDown\" href=\"https:\/\/seniorexpertcontact.org\/einsatzbeispiele\/\" class=\"button secondary expand\" style=\"border-radius:5px;\">\n\t\t<span>EJEMPLOS DE CONSULTOR\u00cdAS SEC<\/span>\n\t<\/a>\n\n\t<div class=\"img has-hover x md-x lg-x y md-y lg-y\" id=\"image_75817004\">\n\t\t<a class=\"\" href=\"https:\/\/seniorexpertcontact.org\/einsatzbeispiele\/\" >\t\t\t\t\t\t<div class=\"img-inner image-cover dark\" style=\"padding-top:56.25%;\">\n\t\t\t<img loading=\"lazy\" decoding=\"async\" width=\"280\" height=\"210\" src=\"https:\/\/seniorexpertcontact.org\/wp-content\/uploads\/SEC-CoordinatorSeminar_LA_2016-61-280x210.jpg\" class=\"attachment-thumbnail size-thumbnail\" alt=\"\" srcset=\"https:\/\/seniorexpertcontact.org\/wp-content\/uploads\/SEC-CoordinatorSeminar_LA_2016-61-280x210.jpg 280w, https:\/\/seniorexpertcontact.org\/wp-content\/uploads\/SEC-CoordinatorSeminar_LA_2016-61-510x383.jpg 510w, https:\/\/seniorexpertcontact.org\/wp-content\/uploads\/SEC-CoordinatorSeminar_LA_2016-61-533x400.jpg 533w, https:\/\/seniorexpertcontact.org\/wp-content\/uploads\/SEC-CoordinatorSeminar_LA_2016-61-768x576.jpg 768w, https:\/\/seniorexpertcontact.org\/wp-content\/uploads\/SEC-CoordinatorSeminar_LA_2016-61-800x600.jpg 800w, https:\/\/seniorexpertcontact.org\/wp-content\/uploads\/SEC-CoordinatorSeminar_LA_2016-61-820x615.jpg 820w, https:\/\/seniorexpertcontact.org\/wp-content\/uploads\/SEC-CoordinatorSeminar_LA_2016-61.jpg 1400w\" sizes=\"auto, (max-width: 280px) 100vw, 280px\" \/>\t\t\t\t\t\t\n\t\t\t\t\t<\/div>\n\t\t\t\t\t\t<\/a>\t\t\n<style>\n#image_75817004 {\n  width: 100%;\n}\n<\/style>\n\t<\/div>\n\t\n\t\t<\/div>\n\n\t\t\n<style>\n#section_1999576118 {\n  padding-top: 30px;\n  padding-bottom: 30px;\n  background-color: #00338D;\n}\n<\/style>\n\t<\/section>\n\t\n\t\t<\/div>\n\t\t\t\t\t<\/div>\n\n\t\n<\/div>\n\t<div id=\"gap-2093285091\" class=\"gap-element clearfix\" style=\"display:block; height:auto;\">\n\t\t\n<style>\n#gap-2093285091 {\n  padding-top: 60px;\n}\n<\/style>\n\t<\/div>\n\t\n","protected":false},"excerpt":{"rendered":"","protected":false},"author":1,"featured_media":2580,"parent":0,"menu_order":0,"comment_status":"closed","ping_status":"closed","template":"page-blank.php","meta":{"footnotes":""},"class_list":["post-4167","page","type-page","status-publish","has-post-thumbnail","hentry"],"aioseo_notices":[],"_links":{"self":[{"href":"https:\/\/seniorexpertcontact.org\/es\/wp-json\/wp\/v2\/pages\/4167","targetHints":{"allow":["GET"]}}],"collection":[{"href":"https:\/\/seniorexpertcontact.org\/es\/wp-json\/wp\/v2\/pages"}],"about":[{"href":"https:\/\/seniorexpertcontact.org\/es\/wp-json\/wp\/v2\/types\/page"}],"author":[{"embeddable":true,"href":"https:\/\/seniorexpertcontact.org\/es\/wp-json\/wp\/v2\/users\/1"}],"replies":[{"embeddable":true,"href":"https:\/\/seniorexpertcontact.org\/es\/wp-json\/wp\/v2\/comments?post=4167"}],"version-history":[{"count":3,"href":"https:\/\/seniorexpertcontact.org\/es\/wp-json\/wp\/v2\/pages\/4167\/revisions"}],"predecessor-version":[{"id":20657,"href":"https:\/\/seniorexpertcontact.org\/es\/wp-json\/wp\/v2\/pages\/4167\/revisions\/20657"}],"wp:featuredmedia":[{"embeddable":true,"href":"https:\/\/seniorexpertcontact.org\/es\/wp-json\/wp\/v2\/media\/2580"}],"wp:attachment":[{"href":"https:\/\/seniorexpertcontact.org\/es\/wp-json\/wp\/v2\/media?parent=4167"}],"curies":[{"name":"wp","href":"https:\/\/api.w.org\/{rel}","templated":true}]}}