{"id":4191,"date":"2017-05-23T19:20:36","date_gmt":"2017-05-23T17:20:36","guid":{"rendered":"https:\/\/seniorexpertcontact.org\/sec-experten\/"},"modified":"2024-04-16T15:57:39","modified_gmt":"2024-04-16T13:57:39","slug":"sec-experten","status":"publish","type":"page","link":"https:\/\/seniorexpertcontact.org\/es\/sec-experten\/","title":{"rendered":"Inscr\u00edbase como experto\/experta del SEC"},"content":{"rendered":"<div class=\"slider-wrapper relative\" id=\"slider-941397765\" >\n    <div class=\"slider slider-nav-circle slider-nav-large slider-nav-light slider-style-normal\"\n        data-flickity-options='{\n            \"cellAlign\": \"center\",\n            \"imagesLoaded\": true,\n            \"lazyLoad\": 1,\n            \"freeScroll\": false,\n            \"wrapAround\": true,\n            \"autoPlay\": false,\n            \"pauseAutoPlayOnHover\" : true,\n            \"prevNextButtons\": false,\n            \"contain\" : true,\n            \"adaptiveHeight\" : true,\n            \"dragThreshold\" : 10,\n            \"percentPosition\": true,\n            \"pageDots\": false,\n            \"rightToLeft\": false,\n            \"draggable\": true,\n            \"selectedAttraction\": 0.1,\n            \"parallax\" : 4,\n            \"friction\": 0.6        }'\n        >\n        \n\n  <div class=\"banner has-hover has-parallax\" id=\"banner-1345064386\">\n          <div class=\"banner-inner fill\">\n        <div class=\"banner-bg fill\" data-parallax=\"-4\" data-parallax-container=\".banner\" data-parallax-background>\n            <img loading=\"lazy\" decoding=\"async\" width=\"1400\" height=\"933\" src=\"https:\/\/seniorexpertcontact.org\/wp-content\/uploads\/SEC_Hilfiker_Food_2016.jpg\" class=\"bg attachment-orginal size-orginal\" alt=\"\" \/>                                    \n                    <\/div>\n\t\t\n        <div class=\"banner-layers container\">\n            <div class=\"fill banner-link\"><\/div>            \n        <\/div>\n      <\/div>\n\n            \n<style>\n#banner-1345064386 {\n  padding-top: 270px;\n}\n#banner-1345064386 .banner-bg img {\n  object-position: 49% 19%;\n}\n<\/style>\n  <\/div>\n\n\n     <\/div>\n\n     <div class=\"loading-spin dark large centered\"><\/div>\n\n\t<\/div>\n\n\n<div class=\"container section-title-container\" ><h3 class=\"section-title section-title-normal\"><b aria-hidden=\"true\"><\/b><span class=\"section-title-main\" >Inscr\u00edbase como experto o experta del SEC<\/span><b aria-hidden=\"true\"><\/b><\/h3><\/div>\n<div class=\"row\"  id=\"row-1654295963\">\n\n\t<div id=\"col-283973748\" class=\"col medium-8 small-12 large-8\"  >\n\t\t\t\t<div class=\"col-inner\"  >\n\t\t\t\n\t\t\t\n<p class=\"lead\"><span style=\"font-size: 90%\">El Senior Expert Contact (SEC) es un programa de voluntarios que realiza misiones de corto plazo en pa\u00edses en desarrollo y de Europa del Este. Si est\u00e1 interesado en una misi\u00f3n que puede durar de dos a doce semanas, cont\u00e1ctenos para poder enviarle por correo la documentaci\u00f3n detallada.<\/span><\/p>\n<p>El asesoramiento es de naturaleza voluntaria y no se remunera econ\u00f3micamente. Los gastos de viaje y alojamiento durante la asesor\u00eda son cubiertos por el SEC y el cliente que ser\u00e1 asesorado.<\/p>\n<h3>Para ingresar al SEC como experto o experta se requiere:<\/h3>\n<ul>\n<li>Una larga de experiencia profesional<\/li>\n<li>Conocimientos t\u00e9cnicos<\/li>\n<li>Conocimiento de lenguas extranjeras<\/li>\n<li>Buena salud<\/li>\n<li>Flexibilidad<\/li>\n<li>Actitud abierta hacia personas y culturas diferentes<\/li>\n<li>Participar en eventos de informaci\u00f3n y capacitaci\u00f3n del SEC<\/li>\n<li>Estar dispuesto a preparar sus intervenciones y a darles seguimiento<\/li>\n<li>Edad l\u00edmite 80 a\u00f1os<\/li>\n<\/ul>\n<h3>Registro<\/h3>\n<p>Si despu\u00e9s de haber le\u00eddo esta documentaci\u00f3n desea inscribirse en el SEC, firme por favor <strong>el formulario Personalfile<\/strong> que encuentra en la parte derecha. Anexe tambi\u00e9n su <strong>Curriculum vitae en todos los idiomas en los cuales puede trabajar<\/strong> (por ejemplo al, fr, ing y esp). H\u00e1ganos llegar estos documentos de manera electr\u00f3nica v\u00eda e-mail. Para las personas que desempe\u00f1an actividades profesionales artesanales que pueden mostrarse y ense\u00f1arse, es importante tambi\u00e9n el manejo de lenguas extranjeras, pero no indispensable.\u00a0 Complete el registro con una foto de pasaporte y env\u00ede todo por correo electr\u00f3nico o postal.<\/p>\n<p>Dos a tres veces por a\u00f1o invitamos a Expertos y Expertas que acaban de ingresar \u2013 casi siempre en primavera y a finales de oto\u00f1o \u2013 a una <a href=\"https:\/\/seniorexpertcontact.org\/es\/news\/events\/\" target=\"_blank\" rel=\"noopener\">curso de iniciaci\u00f3n\/Formaci\u00f3n SEC<\/a>. El curso de iniciaci\u00f3n tiene lugar en Z\u00farich in situ (en alem\u00e1n) o virtualmente (en ingl\u00e9s) y debe ser completado antes del primer viaje de asesor\u00eda.<\/p>\n<p>Solo en casos excepcionales se pueden aceptar expertos o expertas que no residan en Suiza.<\/p>\n<p><a href=\"mailto:sec@swisscontact.org\">Escribe un correo electr\u00f3nico.<\/a><\/p>\n<div class=\"is-divider divider clearfix\" ><\/div>\n<div class=\"row\"  id=\"row-117822636\">\n\n\t<div id=\"col-1375187578\" class=\"col small-12 large-12\"  >\n\t\t\t\t<div class=\"col-inner\"  >\n\t\t\t\n\t\t\t\n<h3>Sesi\u00f3n informativa SEC<\/h3>\n<p>\u00bfQuiere dar el primer paso para conocer a SEC?<br \/>\nEntonces inscr\u00edbase hoy mismo en nuestra pr\u00f3xima sesi\u00f3n informativa en l\u00ednea.<\/p>\n<a href=\"https:\/\/seniorexpertcontact.org\/en\/news\/events\/registration-info-session-sec\/\" class=\"button primary\" style=\"border-radius:5px;\">\n\t\t<span>Open registration form<\/span>\n\t<i class=\"icon-angle-right\" aria-hidden=\"true\"><\/i><\/a>\n\n\t\t<\/div>\n\t\t\t\t\t<\/div>\n\n\t\n<\/div>\n<div class=\"is-divider divider clearfix\" ><\/div>\n\t\t<\/div>\n\t\t\t\t\t<\/div>\n\n\t\n\n\t<div id=\"col-211943924\" class=\"col medium-4 small-12 large-4\"  >\n\t\t\t\t<div class=\"col-inner\"  >\n\t\t\t\n\t\t\t\n\n\t<section class=\"section dark\" id=\"section_626509490\">\n\t\t<div class=\"section-bg fill\" >\n\t\t\t\t\t\t\t\t\t\n\t\t\t\n\n\t\t<\/div>\n\n\t\t\n\n\t\t<div class=\"section-content relative\">\n\t\t\t\n<div class=\"container section-title-container\" ><h3 class=\"section-title section-title-normal\"><b aria-hidden=\"true\"><\/b><span class=\"section-title-main\" style=\"font-size:90%;\">Downloads<\/span><b aria-hidden=\"true\"><\/b><\/h3><\/div>\n<div class=\"row row-collapse align-equal\"  id=\"row-1998762381\">\n\n\t<div id=\"col-127825774\" class=\"col small-12 large-12\"  >\n\t\t\t\t<div class=\"col-inner\"  >\n\t\t\t\n\t\t\t\n<p><b>Curriculum Vitae:<br \/>\n<\/b><\/p>\n<ul>\n<li><a href=\"https:\/\/seniorexpertcontact.org\/wp-content\/uploads\/PH0_Curriculum_Vitae_DE.dotx\">Curriculum Vitae Deutsch<\/a><\/li>\n<li><a href=\"https:\/\/seniorexpertcontact.org\/wp-content\/uploads\/PH0_Curriculum_Vitae_FR.dotx\">Curriculum Vitae Fran\u00e7ais<\/a><\/li>\n<li><a href=\"https:\/\/seniorexpertcontact.org\/wp-content\/uploads\/PH0_Curriculum_Vitae_EN.dotx\">Curriculum Vitae English<\/a><\/li>\n<li><a href=\"https:\/\/seniorexpertcontact.org\/wp-content\/uploads\/PH0_Curriculum_Vitae_SP.dotx\">Curriculum Vitae Espa\u00f1ol<\/a><\/li>\n<\/ul>\n<hr \/>\n\t\t<\/div>\n\t\t\t\t\t<\/div>\n\n\t\n\n\t<div id=\"col-1680601111\" class=\"col small-12 large-12\"  >\n\t\t\t\t<div class=\"col-inner\"  >\n\t\t\t\n\t\t\t\n<p><b>Personalfile:<\/b><\/p>\n<ul>\n<li><a href=\"https:\/\/seniorexpertcontact.org\/wp-content\/uploads\/PH0_Expert_Personnel_File_DE.dotx\">Personalfile Deutsch<\/a><\/li>\n<li><a href=\"https:\/\/seniorexpertcontact.org\/wp-content\/uploads\/PH0_Expert_Personnel_File_EN.dotx\">Personalfile English<\/a><\/li>\n<li><a href=\"https:\/\/seniorexpertcontact.org\/wp-content\/uploads\/PH0_Expert_Personnel_File_FR.dotx\">Personalfile Fran\u00e7ais<\/a><\/li>\n<\/ul>\n\t\t<\/div>\n\t\t\t\t\t<\/div>\n\n\t\n<\/div>\n\t\t<\/div>\n\n\t\t\n<style>\n#section_626509490 {\n  padding-top: 30px;\n  padding-bottom: 30px;\n  background-color: #00338D;\n}\n<\/style>\n\t<\/section>\n\t\n\t\t<\/div>\n\t\t\t\t\t<\/div>\n\n\t\n<\/div>\n\t<div id=\"gap-1821078138\" class=\"gap-element clearfix\" style=\"display:block; height:auto;\">\n\t\t\n<style>\n#gap-1821078138 {\n  padding-top: 60px;\n}\n<\/style>\n\t<\/div>\n\t\n","protected":false},"excerpt":{"rendered":"","protected":false},"author":1,"featured_media":1922,"parent":0,"menu_order":0,"comment_status":"closed","ping_status":"closed","template":"page-blank.php","meta":{"footnotes":""},"class_list":["post-4191","page","type-page","status-publish","has-post-thumbnail","hentry"],"aioseo_notices":[],"_links":{"self":[{"href":"https:\/\/seniorexpertcontact.org\/es\/wp-json\/wp\/v2\/pages\/4191","targetHints":{"allow":["GET"]}}],"collection":[{"href":"https:\/\/seniorexpertcontact.org\/es\/wp-json\/wp\/v2\/pages"}],"about":[{"href":"https:\/\/seniorexpertcontact.org\/es\/wp-json\/wp\/v2\/types\/page"}],"author":[{"embeddable":true,"href":"https:\/\/seniorexpertcontact.org\/es\/wp-json\/wp\/v2\/users\/1"}],"replies":[{"embeddable":true,"href":"https:\/\/seniorexpertcontact.org\/es\/wp-json\/wp\/v2\/comments?post=4191"}],"version-history":[{"count":0,"href":"https:\/\/seniorexpertcontact.org\/es\/wp-json\/wp\/v2\/pages\/4191\/revisions"}],"wp:featuredmedia":[{"embeddable":true,"href":"https:\/\/seniorexpertcontact.org\/es\/wp-json\/wp\/v2\/media\/1922"}],"wp:attachment":[{"href":"https:\/\/seniorexpertcontact.org\/es\/wp-json\/wp\/v2\/media?parent=4191"}],"curies":[{"name":"wp","href":"https:\/\/api.w.org\/{rel}","templated":true}]}}