{"id":4226,"date":"2017-05-23T19:17:50","date_gmt":"2017-05-23T17:17:50","guid":{"rendered":"https:\/\/seniorexpertcontact.org\/unsere-dienstleistung\/koordinationsstellen\/"},"modified":"2026-02-06T14:25:27","modified_gmt":"2026-02-06T13:25:27","slug":"koordinationsstellen","status":"publish","type":"page","link":"https:\/\/seniorexpertcontact.org\/es\/unsere-dienstleistung\/koordinationsstellen\/","title":{"rendered":"Contacto Coordinaci\u00f3n del pa\u00eds"},"content":{"rendered":"<div class=\"slider-wrapper relative\" id=\"slider-1832966670\" >\n    <div class=\"slider slider-nav-circle slider-nav-large slider-nav-light slider-style-normal\"\n        data-flickity-options='{\n            \"cellAlign\": \"center\",\n            \"imagesLoaded\": true,\n            \"lazyLoad\": 1,\n            \"freeScroll\": false,\n            \"wrapAround\": true,\n            \"autoPlay\": false,\n            \"pauseAutoPlayOnHover\" : true,\n            \"prevNextButtons\": false,\n            \"contain\" : true,\n            \"adaptiveHeight\" : true,\n            \"dragThreshold\" : 10,\n            \"percentPosition\": true,\n            \"pageDots\": false,\n            \"rightToLeft\": false,\n            \"draggable\": true,\n            \"selectedAttraction\": 0.1,\n            \"parallax\" : 4,\n            \"friction\": 0.6        }'\n        >\n        \n\n  <div class=\"banner has-hover has-parallax\" id=\"banner-1004004450\">\n          <div class=\"banner-inner fill\">\n        <div class=\"banner-bg fill\" data-parallax=\"-4\" data-parallax-container=\".banner\" data-parallax-background>\n            <img loading=\"lazy\" decoding=\"async\" width=\"1400\" height=\"1050\" src=\"https:\/\/seniorexpertcontact.org\/wp-content\/uploads\/SEC-Meeting-FullSizeRender.jpg\" class=\"bg attachment-orginal size-orginal\" alt=\"\" \/>                                    \n                    <\/div>\n\t\t\n        <div class=\"banner-layers container\">\n            <div class=\"fill banner-link\"><\/div>            \n        <\/div>\n      <\/div>\n\n            \n<style>\n#banner-1004004450 {\n  padding-top: 270px;\n}\n#banner-1004004450 .banner-bg img {\n  object-position: 57% 47%;\n}\n<\/style>\n  <\/div>\n\n\n     <\/div>\n\n     <div class=\"loading-spin dark large centered\"><\/div>\n\n\t<\/div>\n\n\n<div class=\"container section-title-container\" ><h3 class=\"section-title section-title-normal\"><b aria-hidden=\"true\"><\/b><span class=\"section-title-main\" >Contacto Coordinaci\u00f3n del pa\u00eds<\/span><b aria-hidden=\"true\"><\/b><\/h3><\/div>\n<div class=\"row\"  id=\"row-1954578786\">\n\n\t<div id=\"col-1041929070\" class=\"col small-12 large-12\"  >\n\t\t\t\t<div class=\"col-inner\"  >\n\t\t\t\n\t\t\t\n<p>Los \u00f3rganos locales de coordinaci\u00f3n del SEC son los encargados de recibir solicitudes de misi\u00f3n y de evaluarlas. Adicionalmente asesoran localmente a los expertos y las expertas, realizan informes y apoyan a la Direcci\u00f3n de Misiones del SEC en el monitoreo y evaluaci\u00f3n de las misiones.<\/p>\n<p>Estaremos encantados de recibir solicitudes de empresas y organizaciones, incluso para intervenciones fuera de nuestros pa\u00edses de enfoque. <a href=\"mailto:sec@swisscontact.org\" target=\"_blank\" rel=\"noopener noreferrer\">Por favor, p\u00f3ngase en contacto con nosotros si desea m\u00e1s informaci\u00f3n.<\/a><\/p>\n\t\t<\/div>\n\t\t\t\t\t<\/div>\n\n\t\n<\/div>\n<div class=\"row\"  id=\"row-1025541174\">\n\n\t<div id=\"col-1715526491\" class=\"col small-12 large-12\"  >\n\t\t\t\t<div class=\"col-inner\"  >\n\t\t\t\n\t\t\t\n\n\t<section class=\"section\" id=\"section_1154422061\">\n\t\t<div class=\"section-bg fill\" >\n\t\t\t<img loading=\"lazy\" decoding=\"async\" width=\"1200\" height=\"696\" src=\"https:\/\/seniorexpertcontact.org\/wp-content\/uploads\/bg-weltkarte.jpg\" class=\"bg attachment- size-\" alt=\"\" \/>\t\t\t\t\t\t\n\t\t\t\n\n\t\t<\/div>\n\n\t\t\n\n\t\t<div class=\"section-content relative\">\n\t\t\t\n<div class=\"row row-collapse align-equal row-solid\"  id=\"row-748428514\">\n\n\t<div id=\"col-1971703082\" class=\"col medium-3 small-12 large-3 col-divided\"  data-animate=\"fadeInUp\">\n\t\t\t\t<div class=\"col-inner\" style=\"background-color:rgba(255, 255, 255, 0.9);\" >\n\t\t\t\n\t\t\t\n<h3 class=\"uppercase\">Asia<\/h3>\n<h4>Camboya<\/h4>\n<p>Sorphorn Souk<br \/>\n<a href=\"mailto:sorphorn.souk@swisscontact.org\" target=\"_blank\" rel=\"noopener noreferrer\">Escribe un correo<\/a><a href=\"mailto:mara.loeung@swisscontact.org\"> electr\u00f3nico<\/a><\/p>\n<h4>Nepal<\/h4>\n<p>Neeraj Singhal<br \/>\n<a href=\"mailto:neeraj.singhal@swisscontact.org\" target=\"_blank\" rel=\"noopener\">Escribe un correo<\/a><a href=\"mailto:neeraj.singhal@swisscontact.org\"> electr\u00f3nico<\/a><\/p>\n<div class=\"is-divider divider clearfix\" style=\"height:1px;\"><\/div>\n\t\t<\/div>\n\t\t\t\t\n<style>\n#col-1971703082 > .col-inner {\n  padding: 10px 10px 10px 10px;\n}\n<\/style>\n\t<\/div>\n\n\t\n\n\t<div id=\"col-2080231585\" class=\"col medium-3 small-12 large-3 col-divided\"  data-animate=\"fadeInUp\">\n\t\t\t\t<div class=\"col-inner\" style=\"background-color:rgba(255, 255, 255, 0.9);\" >\n\t\t\t\n\t\t\t\n<h3 class=\"uppercase\">AfriCa<\/h3>\n<h4>Benin<\/h4>\n<p>Peggy Alladassi<br \/>\n<a href=\"mailto:peggy.alladassi@swisscontact.org\" target=\"_blank\" rel=\"noopener\">Escribe un correo electr\u00f3nico<\/a><\/p>\n<h4>Marruecos<\/h4>\n<p>Sophie Rosman<br \/>\n<a href=\"mailto:sophie.rosman@swisscontact.org\" target=\"_blank\" rel=\"noopener\">Escribe un correo electr\u00f3nico<\/a><\/p>\n<div class=\"is-divider divider clearfix\" style=\"height:1px;\"><\/div>\n\t\t<\/div>\n\t\t\t\t\n<style>\n#col-2080231585 > .col-inner {\n  padding: 10px 10px 10px 10px;\n}\n<\/style>\n\t<\/div>\n\n\t\n\n\t<div id=\"col-73710879\" class=\"col medium-3 small-12 large-3 col-divided\"  data-animate=\"fadeInUp\">\n\t\t\t\t<div class=\"col-inner\" style=\"background-color:rgba(255, 255, 255, 0.9);\" >\n\t\t\t\n\t\t\t\n<div class=\"is-divider divider clearfix\" style=\"height:1px;\"><\/div>\n\t\t<\/div>\n\t\t\t\t\n<style>\n#col-73710879 > .col-inner {\n  padding: 10px 10px 10px 10px;\n}\n<\/style>\n\t<\/div>\n\n\t\n\n\t<div id=\"col-1495746002\" class=\"col medium-3 small-12 large-3 col-divided\"  data-animate=\"fadeInUp\">\n\t\t\t\t<div class=\"col-inner\" style=\"background-color:rgba(255, 255, 255, 0.9);\" >\n\t\t\t\n\t\t\t\n<h3 class=\"uppercase\">am\u00e9rica latina<\/h3>\n<h4>Bolivia<\/h4>\n<p>Carmen Zapata<br \/>\n<a href=\"mailto:carmen.zapata@swisscontact.org\" target=\"_blank\" rel=\"noopener\">Escribe un correo electr\u00f3nico<\/a><\/p>\n<h4>Honduras<\/h4>\n<p>Evelyn Moradel Mu\u00f1oz<br \/>\n<a href=\"mailto:evelyn.moradel@swisscontact.org\" target=\"_blank\" rel=\"noopener\">Escribe un correo electr\u00f3nico<\/a><\/p>\n<div class=\"is-divider divider clearfix\" style=\"height:1px;\"><\/div>\n\t\t<\/div>\n\t\t\t\t\n<style>\n#col-1495746002 > .col-inner {\n  padding: 10px 10px 10px 10px;\n}\n<\/style>\n\t<\/div>\n\n\t\n<\/div>\n\t\t<\/div>\n\n\t\t\n<style>\n#section_1154422061 {\n  padding-top: 40px;\n  padding-bottom: 40px;\n  min-height: 300px;\n  background-color: rgb(245, 245, 245);\n}\n<\/style>\n\t<\/section>\n\t\n\t\t<\/div>\n\t\t\t\t\t<\/div>\n\n\t\n<\/div>\n\t<div id=\"gap-1459713204\" class=\"gap-element clearfix\" style=\"display:block; height:auto;\">\n\t\t\n<style>\n#gap-1459713204 {\n  padding-top: 60px;\n}\n<\/style>\n\t<\/div>\n\t\n","protected":false},"excerpt":{"rendered":"","protected":false},"author":1,"featured_media":2011,"parent":4220,"menu_order":0,"comment_status":"closed","ping_status":"closed","template":"page-blank.php","meta":{"footnotes":""},"class_list":["post-4226","page","type-page","status-publish","has-post-thumbnail","hentry"],"aioseo_notices":[],"_links":{"self":[{"href":"https:\/\/seniorexpertcontact.org\/es\/wp-json\/wp\/v2\/pages\/4226","targetHints":{"allow":["GET"]}}],"collection":[{"href":"https:\/\/seniorexpertcontact.org\/es\/wp-json\/wp\/v2\/pages"}],"about":[{"href":"https:\/\/seniorexpertcontact.org\/es\/wp-json\/wp\/v2\/types\/page"}],"author":[{"embeddable":true,"href":"https:\/\/seniorexpertcontact.org\/es\/wp-json\/wp\/v2\/users\/1"}],"replies":[{"embeddable":true,"href":"https:\/\/seniorexpertcontact.org\/es\/wp-json\/wp\/v2\/comments?post=4226"}],"version-history":[{"count":2,"href":"https:\/\/seniorexpertcontact.org\/es\/wp-json\/wp\/v2\/pages\/4226\/revisions"}],"predecessor-version":[{"id":20599,"href":"https:\/\/seniorexpertcontact.org\/es\/wp-json\/wp\/v2\/pages\/4226\/revisions\/20599"}],"up":[{"embeddable":true,"href":"https:\/\/seniorexpertcontact.org\/es\/wp-json\/wp\/v2\/pages\/4220"}],"wp:featuredmedia":[{"embeddable":true,"href":"https:\/\/seniorexpertcontact.org\/es\/wp-json\/wp\/v2\/media\/2011"}],"wp:attachment":[{"href":"https:\/\/seniorexpertcontact.org\/es\/wp-json\/wp\/v2\/media?parent=4226"}],"curies":[{"name":"wp","href":"https:\/\/api.w.org\/{rel}","templated":true}]}}