{"id":4703,"date":"2017-11-18T07:54:18","date_gmt":"2017-11-18T06:54:18","guid":{"rendered":"https:\/\/seniorexpertcontact.org\/?page_id=4703"},"modified":"2026-01-07T10:14:27","modified_gmt":"2026-01-07T09:14:27","slug":"sobre-nosotros","status":"publish","type":"page","link":"https:\/\/seniorexpertcontact.org\/es\/sobre-nosotros\/","title":{"rendered":"Sobre nosotros"},"content":{"rendered":"<div class=\"slider-wrapper relative\" id=\"slider-81061608\" >\n    <div class=\"slider slider-nav-circle slider-nav-large slider-nav-light slider-style-normal\"\n        data-flickity-options='{\n            \"cellAlign\": \"center\",\n            \"imagesLoaded\": true,\n            \"lazyLoad\": 1,\n            \"freeScroll\": false,\n            \"wrapAround\": true,\n            \"autoPlay\": false,\n            \"pauseAutoPlayOnHover\" : true,\n            \"prevNextButtons\": false,\n            \"contain\" : true,\n            \"adaptiveHeight\" : true,\n            \"dragThreshold\" : 10,\n            \"percentPosition\": true,\n            \"pageDots\": false,\n            \"rightToLeft\": false,\n            \"draggable\": true,\n            \"selectedAttraction\": 0.1,\n            \"parallax\" : 4,\n            \"friction\": 0.6        }'\n        >\n        \n\n  <div class=\"banner has-hover has-parallax\" id=\"banner-1643017549\">\n          <div class=\"banner-inner fill\">\n        <div class=\"banner-bg fill\" data-parallax=\"-4\" data-parallax-container=\".banner\" data-parallax-background>\n            <img loading=\"lazy\" decoding=\"async\" width=\"1400\" height=\"487\" src=\"https:\/\/seniorexpertcontact.org\/wp-content\/uploads\/sec-bg-weltkarte-1400x497.jpg\" class=\"bg attachment-orginal size-orginal\" alt=\"\" \/>                                    \n                    <\/div>\n\t\t\n        <div class=\"banner-layers container\">\n            <div class=\"fill banner-link\"><\/div>            \n        <\/div>\n      <\/div>\n\n            \n<style>\n#banner-1643017549 {\n  padding-top: 270px;\n}\n#banner-1643017549 .banner-bg img {\n  object-position: 51% 8%;\n}\n<\/style>\n  <\/div>\n\n\n     <\/div>\n\n     <div class=\"loading-spin dark large centered\"><\/div>\n\n\t<\/div>\n\n\n<div class=\"container section-title-container\" ><h3 class=\"section-title section-title-normal\"><b aria-hidden=\"true\"><\/b><span class=\"section-title-main\" >El Senior Expert Contact (SEC)<\/span><b aria-hidden=\"true\"><\/b><\/h3><\/div>\n<div class=\"row\"  id=\"row-461833754\">\n\n\t<div id=\"col-836469685\" class=\"col medium-8 small-12 large-8\"  >\n\t\t\t\t<div class=\"col-inner\"  >\n\t\t\t\n\t\t\t\n<p class=\"lead\">Promoviendo el emprendimiento a trav\u00e9s de la experticia \u2013 Impartiendo conocimientos t\u00e9cnicos a trav\u00e9s del trabajo voluntario<\/p>\n<p>Los Expertos Jubilados del SEC est\u00e1n capacitados para resolver problemas in situ. Prestan apoyo y asesor\u00eda, de manera voluntaria y sin honorarios, a peque\u00f1as y medianas empresas en los pa\u00edses en desarrollo y de Europa del Este.<\/p>\n<div>El SEC fue fundada en 1979 y es un programa de <a href=\"https:\/\/www.swisscontact.org\/es\" target=\"_blank\" rel=\"noopener\">Swisscontact<\/a>. Swisscontact es la fundaci\u00f3n independiente orientada al fomento econ\u00f3mico para la cooperaci\u00f3n internacional para el desarrollo. Con presencia en 40 pa\u00edses y alrededor de 1000 empleados, promueve, desde 1959, el desarrollo econ\u00f3mico, social y medioambiental.<\/div>\n<div><\/div>\n<div>El SEC forma parte del Programa de Desarrollo de\u202fSwisscontact que est\u00e1\u202fcofinanciado desde 1993 por la Agencia Suiza para el Desarrollo y la Cooperaci\u00f3n (COSUDE), Departamento Federal de Asuntos Exteriores DFAE.<\/div>\n<a href=\"http:\/\/www.swisscontact.org\/es\/pagina-de-inicio.html\" target=\"_blank\" class=\"button primary expand\" rel=\"noopener\" style=\"border-radius:6px;\">\n\t\t<span>www.swisscontact.org<\/span>\n\t<i class=\"icon-angle-right\" aria-hidden=\"true\"><\/i><\/a>\n\n\t<div id=\"gap-332713419\" class=\"gap-element clearfix\" style=\"display:block; height:auto;\">\n\t\t\n<style>\n#gap-332713419 {\n  padding-top: 30px;\n}\n<\/style>\n\t<\/div>\n\t\n\t<div id=\"gap-420864914\" class=\"gap-element clearfix\" style=\"display:block; height:auto;\">\n\t\t\n<style>\n#gap-420864914 {\n  padding-top: 30px;\n}\n<\/style>\n\t<\/div>\n\t\n\t\t<\/div>\n\t\t\t\t\t<\/div>\n\n\t\n\n\t<div id=\"col-886391708\" class=\"col medium-4 small-12 large-4\"  >\n\t\t\t\t<div class=\"col-inner\"  >\n\t\t\t\n\t\t\t\n\n\t<section class=\"section\" id=\"section_1433634706\">\n\t\t<div class=\"section-bg fill\" >\n\t\t\t\t\t\t\t\t\t\n\t\t\t\n\n\t\t<\/div>\n\n\t\t\n\n\t\t<div class=\"section-content relative\">\n\t\t\t\n<div class=\"container section-title-container\" ><h3 class=\"section-title section-title-normal\"><b aria-hidden=\"true\"><\/b><span class=\"section-title-main\" style=\"font-size:90%;\">Su compromiso<\/span><b aria-hidden=\"true\"><\/b><\/h3><\/div>\n<p>Hacer lo correcto conjuntamente.<\/p>\n<a data-animate=\"bounceInDown\" href=\"https:\/\/seniorexpertcontact.org\/es\/freie-spenden\/\" class=\"button primary is-outline expand\" style=\"border-radius:5px;\">\n\t\t<span>Formulario de donaci\u00f2n<\/span>\n\t<\/a>\n\n\t\t<\/div>\n\n\t\t\n<style>\n#section_1433634706 {\n  padding-top: 30px;\n  padding-bottom: 30px;\n  background-color: rgb(242, 242, 242);\n}\n<\/style>\n\t<\/section>\n\t\n\n\t<section class=\"section dark\" id=\"section_211578209\">\n\t\t<div class=\"section-bg fill\" >\n\t\t\t\t\t\t\t\t\t\n\t\t\t\n\n\t\t<\/div>\n\n\t\t\n\n\t\t<div class=\"section-content relative\">\n\t\t\t\n<div class=\"container section-title-container\" ><h3 class=\"section-title section-title-normal\"><b aria-hidden=\"true\"><\/b><span class=\"section-title-main\" style=\"font-size:90%;\">EJEMPLOS DE CONSULTOR\u00cdAS<\/span><b aria-hidden=\"true\"><\/b><\/h3><\/div>\n<p>Descubra m\u00e1s sobre nuestras actividades con ejemplos de consultor\u00edas (clasificadas por pa\u00eds).<\/p>\n<a data-animate=\"bounceInDown\" href=\"https:\/\/seniorexpertcontact.org\/einsatzbeispiele\/\" class=\"button secondary expand\" style=\"border-radius:5px;\">\n\t\t<span>EJEMPLOS DE CONSULTOR\u00cdAS SEC<\/span>\n\t<\/a>\n\n\t<div class=\"img has-hover x md-x lg-x y md-y lg-y\" id=\"image_246381403\">\n\t\t<a class=\"\" href=\"https:\/\/seniorexpertcontact.org\/einsatzbeispiele\/\" >\t\t\t\t\t\t<div class=\"img-inner image-cover dark\" style=\"padding-top:56.25%;\">\n\t\t\t<img loading=\"lazy\" decoding=\"async\" width=\"280\" height=\"210\" src=\"https:\/\/seniorexpertcontact.org\/wp-content\/uploads\/SEC-CoordinatorSeminar_LA_2016-61-280x210.jpg\" class=\"attachment-thumbnail size-thumbnail\" alt=\"\" srcset=\"https:\/\/seniorexpertcontact.org\/wp-content\/uploads\/SEC-CoordinatorSeminar_LA_2016-61-280x210.jpg 280w, https:\/\/seniorexpertcontact.org\/wp-content\/uploads\/SEC-CoordinatorSeminar_LA_2016-61-510x383.jpg 510w, https:\/\/seniorexpertcontact.org\/wp-content\/uploads\/SEC-CoordinatorSeminar_LA_2016-61-533x400.jpg 533w, https:\/\/seniorexpertcontact.org\/wp-content\/uploads\/SEC-CoordinatorSeminar_LA_2016-61-768x576.jpg 768w, https:\/\/seniorexpertcontact.org\/wp-content\/uploads\/SEC-CoordinatorSeminar_LA_2016-61-800x600.jpg 800w, https:\/\/seniorexpertcontact.org\/wp-content\/uploads\/SEC-CoordinatorSeminar_LA_2016-61-820x615.jpg 820w, https:\/\/seniorexpertcontact.org\/wp-content\/uploads\/SEC-CoordinatorSeminar_LA_2016-61.jpg 1400w\" sizes=\"auto, (max-width: 280px) 100vw, 280px\" \/>\t\t\t\t\t\t\n\t\t\t\t\t<\/div>\n\t\t\t\t\t\t<\/a>\t\t\n<style>\n#image_246381403 {\n  width: 100%;\n}\n<\/style>\n\t<\/div>\n\t\n\t\t<\/div>\n\n\t\t\n<style>\n#section_211578209 {\n  padding-top: 30px;\n  padding-bottom: 30px;\n  background-color: #00338D;\n}\n<\/style>\n\t<\/section>\n\t\n\t\t<\/div>\n\t\t\t\t\t<\/div>\n\n\t\n<\/div>\n\t<div id=\"gap-1416468520\" class=\"gap-element clearfix\" style=\"display:block; height:auto;\">\n\t\t\n<style>\n#gap-1416468520 {\n  padding-top: 40px;\n}\n<\/style>\n\t<\/div>\n\t\n","protected":false},"excerpt":{"rendered":"","protected":false},"author":1,"featured_media":1918,"parent":0,"menu_order":1,"comment_status":"closed","ping_status":"closed","template":"page-blank.php","meta":{"footnotes":""},"class_list":["post-4703","page","type-page","status-publish","has-post-thumbnail","hentry"],"aioseo_notices":[],"_links":{"self":[{"href":"https:\/\/seniorexpertcontact.org\/es\/wp-json\/wp\/v2\/pages\/4703","targetHints":{"allow":["GET"]}}],"collection":[{"href":"https:\/\/seniorexpertcontact.org\/es\/wp-json\/wp\/v2\/pages"}],"about":[{"href":"https:\/\/seniorexpertcontact.org\/es\/wp-json\/wp\/v2\/types\/page"}],"author":[{"embeddable":true,"href":"https:\/\/seniorexpertcontact.org\/es\/wp-json\/wp\/v2\/users\/1"}],"replies":[{"embeddable":true,"href":"https:\/\/seniorexpertcontact.org\/es\/wp-json\/wp\/v2\/comments?post=4703"}],"version-history":[{"count":2,"href":"https:\/\/seniorexpertcontact.org\/es\/wp-json\/wp\/v2\/pages\/4703\/revisions"}],"predecessor-version":[{"id":20492,"href":"https:\/\/seniorexpertcontact.org\/es\/wp-json\/wp\/v2\/pages\/4703\/revisions\/20492"}],"wp:featuredmedia":[{"embeddable":true,"href":"https:\/\/seniorexpertcontact.org\/es\/wp-json\/wp\/v2\/media\/1918"}],"wp:attachment":[{"href":"https:\/\/seniorexpertcontact.org\/es\/wp-json\/wp\/v2\/media?parent=4703"}],"curies":[{"name":"wp","href":"https:\/\/api.w.org\/{rel}","templated":true}]}}