{"id":4147,"date":"2017-05-29T18:40:09","date_gmt":"2017-05-29T18:40:09","guid":{"rendered":"https:\/\/seniorexpertcontact.org\/newsletter-confirmation\/"},"modified":"2019-11-20T09:17:37","modified_gmt":"2019-11-20T09:17:37","slug":"newsletter-confirmation","status":"publish","type":"page","link":"https:\/\/seniorexpertcontact.org\/fr\/newsletter-confirmation\/","title":{"rendered":"Newsletter confirmation"},"content":{"rendered":"<div class=\"slider-wrapper relative\" id=\"slider-1186994946\" >\n    <div class=\"slider slider-nav-circle slider-nav-large slider-nav-light slider-style-normal\"\n        data-flickity-options='{\n            \"cellAlign\": \"center\",\n            \"imagesLoaded\": true,\n            \"lazyLoad\": 1,\n            \"freeScroll\": false,\n            \"wrapAround\": true,\n            \"autoPlay\": false,\n            \"pauseAutoPlayOnHover\" : true,\n            \"prevNextButtons\": false,\n            \"contain\" : true,\n            \"adaptiveHeight\" : true,\n            \"dragThreshold\" : 10,\n            \"percentPosition\": true,\n            \"pageDots\": false,\n            \"rightToLeft\": false,\n            \"draggable\": true,\n            \"selectedAttraction\": 0.1,\n            \"parallax\" : 4,\n            \"friction\": 0.6        }'\n        >\n        \n\n  <div class=\"banner has-hover has-parallax\" id=\"banner-1310391465\">\n          <div class=\"banner-inner fill\">\n        <div class=\"banner-bg fill\" data-parallax=\"-4\" data-parallax-container=\".banner\" data-parallax-background>\n            <img loading=\"lazy\" decoding=\"async\" width=\"1400\" height=\"1039\" src=\"https:\/\/seniorexpertcontact.org\/wp-content\/uploads\/SEC_Bussink_Medicine_Nepal_2012.jpg\" class=\"bg attachment-orginal size-orginal\" alt=\"Einsatzbeispiel Senior Expert Corps (SEC) Schweiz\" \/>                                    \n                    <\/div>\n\t\t\n        <div class=\"banner-layers container\">\n            <div class=\"fill banner-link\"><\/div>            \n        <\/div>\n      <\/div>\n\n            \n<style>\n#banner-1310391465 {\n  padding-top: 270px;\n}\n#banner-1310391465 .banner-bg img {\n  object-position: 49% 33%;\n}\n<\/style>\n  <\/div>\n\n\n     <\/div>\n\n     <div class=\"loading-spin dark large centered\"><\/div>\n\n\t<\/div>\n\n\n<div class=\"container section-title-container\" ><h3 class=\"section-title section-title-normal\"><b aria-hidden=\"true\"><\/b><span class=\"section-title-main\" >Un grand merci de votre int\u00e9r\u00eat pour notre institution.<\/span><b aria-hidden=\"true\"><\/b><\/h3><\/div>\n<div class=\"row\"  id=\"row-501943965\">\n\n\t<div id=\"col-2100228530\" class=\"col small-12 large-12\"  >\n\t\t\t\t<div class=\"col-inner\"  >\n\t\t\t\n\t\t\t\n<h3>La s\u00e9curit\u00e9 nous tient \u00e0 c\u0153ur.<\/h3>\n<p>Par votre inscription \u00e0 la Newsletter, un email automatique vous a \u00e9t\u00e9 envoy\u00e9 \u00e0 l\u2019adresse indiqu\u00e9e. Afin de terminer l\u2019inscription \u00e0 notre Newsletter, nous vous prions de bien vouloir cliquer sur le lien qui vous a \u00e9t\u00e9 envoy\u00e9 et ainsi confirmer votre adresse email.<\/p>\n<p><strong>Dans le cas o\u00f9 vous n\u2019auriez pas re\u00e7u d\u2019email de confirmation de notre part, v\u00e9rifier s\u2019il vous pla\u00eet votre dossier antispam. Nous vous en remercions.<\/strong><\/p>\n<p>Avec nos meilleures salutations<br \/>\nSenior Expert Contact (SEC)<\/p>\n\t<div id=\"gap-673152783\" class=\"gap-element clearfix\" style=\"display:block; height:auto;\">\n\t\t\n<style>\n#gap-673152783 {\n  padding-top: 60px;\n}\n<\/style>\n\t<\/div>\n\t\n\t\t<\/div>\n\t\t\t\t\t<\/div>\n\n\t\n<\/div>\n","protected":false},"excerpt":{"rendered":"","protected":false},"author":1,"featured_media":1709,"parent":0,"menu_order":0,"comment_status":"closed","ping_status":"closed","template":"page-blank.php","meta":{"footnotes":""},"class_list":["post-4147","page","type-page","status-publish","has-post-thumbnail","hentry"],"aioseo_notices":[],"_links":{"self":[{"href":"https:\/\/seniorexpertcontact.org\/fr\/wp-json\/wp\/v2\/pages\/4147","targetHints":{"allow":["GET"]}}],"collection":[{"href":"https:\/\/seniorexpertcontact.org\/fr\/wp-json\/wp\/v2\/pages"}],"about":[{"href":"https:\/\/seniorexpertcontact.org\/fr\/wp-json\/wp\/v2\/types\/page"}],"author":[{"embeddable":true,"href":"https:\/\/seniorexpertcontact.org\/fr\/wp-json\/wp\/v2\/users\/1"}],"replies":[{"embeddable":true,"href":"https:\/\/seniorexpertcontact.org\/fr\/wp-json\/wp\/v2\/comments?post=4147"}],"version-history":[{"count":0,"href":"https:\/\/seniorexpertcontact.org\/fr\/wp-json\/wp\/v2\/pages\/4147\/revisions"}],"wp:featuredmedia":[{"embeddable":true,"href":"https:\/\/seniorexpertcontact.org\/fr\/wp-json\/wp\/v2\/media\/1709"}],"wp:attachment":[{"href":"https:\/\/seniorexpertcontact.org\/fr\/wp-json\/wp\/v2\/media?parent=4147"}],"curies":[{"name":"wp","href":"https:\/\/api.w.org\/{rel}","templated":true}]}}