{"id":4166,"date":"2017-05-23T19:25:03","date_gmt":"2017-05-23T17:25:03","guid":{"rendered":"https:\/\/seniorexpertcontact.org\/offene-einsaetze\/freie-spenden\/"},"modified":"2026-04-01T16:59:10","modified_gmt":"2026-04-01T14:59:10","slug":"dons","status":"publish","type":"page","link":"https:\/\/seniorexpertcontact.org\/fr\/dons\/","title":{"rendered":"Dons"},"content":{"rendered":"<div class=\"slider-wrapper relative\" id=\"slider-1050061509\" >\n    <div class=\"slider slider-nav-circle slider-nav-large slider-nav-light slider-style-normal\"\n        data-flickity-options='{\n            \"cellAlign\": \"center\",\n            \"imagesLoaded\": true,\n            \"lazyLoad\": 1,\n            \"freeScroll\": false,\n            \"wrapAround\": true,\n            \"autoPlay\": false,\n            \"pauseAutoPlayOnHover\" : true,\n            \"prevNextButtons\": false,\n            \"contain\" : true,\n            \"adaptiveHeight\" : true,\n            \"dragThreshold\" : 10,\n            \"percentPosition\": true,\n            \"pageDots\": false,\n            \"rightToLeft\": false,\n            \"draggable\": true,\n            \"selectedAttraction\": 0.1,\n            \"parallax\" : 0,\n            \"friction\": 0.6        }'\n        >\n        \n\n  <div class=\"banner has-hover\" id=\"banner-711344509\">\n          <div class=\"banner-inner fill\">\n        <div class=\"banner-bg fill\" >\n            <img loading=\"lazy\" decoding=\"async\" width=\"1400\" height=\"1050\" src=\"https:\/\/seniorexpertcontact.org\/wp-content\/uploads\/SEC-CoordinatorSeminar_LA_2016-61.jpg\" class=\"bg attachment-orginal size-orginal\" alt=\"\" \/>                                    \n                    <\/div>\n\t\t\n        <div class=\"banner-layers container\">\n            <div class=\"fill banner-link\"><\/div>            \n        <\/div>\n      <\/div>\n\n            \n<style>\n#banner-711344509 {\n  padding-top: 270px;\n}\n#banner-711344509 .banner-bg img {\n  object-position: 46% 32%;\n}\n<\/style>\n  <\/div>\n\n\n     <\/div>\n\n     <div class=\"loading-spin dark large centered\"><\/div>\n\n\t<\/div>\n\n\n<div class=\"container section-title-container\" ><h1 class=\"section-title section-title-normal\"><b aria-hidden=\"true\"><\/b><span class=\"section-title-main\" >Dons \u2013 Un impact cibl\u00e9 l\u00e0 o\u00f9 il compte<\/span><b aria-hidden=\"true\"><\/b><\/h1><\/div>\n<div class=\"row\"  id=\"row-855934756\">\n\n\t<div id=\"col-702732824\" class=\"col medium-8 small-12 large-8\"  >\n\t\t\t\t<div class=\"col-inner\"  >\n\t\t\t\n\t\t\t\n<p>Par votre don, vous contribuez directement au <strong>financement d\u2019une intervention de conseil sp\u00e9cifique<\/strong> \u2013 de mani\u00e8re transparente, cibl\u00e9e et efficace. <strong>Votre don soutient des petites et moyennes entreprises (PME) ainsi que des institutions dans les pays en d\u00e9veloppement et \u00e9mergents<\/strong> qui\u202f:<\/p>\n<div>\n<ul>\n<li>font face \u00e0 des d\u00e9fis entrepreneuriaux,<\/li>\n<li>ont besoin d\u2019un savoir-faire technique cibl\u00e9,<\/li>\n<li>souhaitent s\u00e9curiser et cr\u00e9er des emplois durables, et<\/li>\n<li>cherchent \u00e0 \u00e9tablir leur autonomie \u00e0 long terme.<\/li>\n<\/ul>\n<\/div>\n\t<div id=\"gap-1875447213\" class=\"gap-element clearfix\" style=\"display:block; height:auto;\">\n\t\t\n<style>\n#gap-1875447213 {\n  padding-top: 30px;\n}\n<\/style>\n\t<\/div>\n\t\n<div class=\"container section-title-container\" ><h3 class=\"section-title section-title-normal\"><b aria-hidden=\"true\"><\/b><span class=\"section-title-main\" >Nos comptes r\u00e9serv\u00e9s aux dons<\/span><b aria-hidden=\"true\"><\/b><\/h3><\/div>\n<p class=\"lead\">Mention \/ R\u00e9f\u00e9rence : Don en faveur du Senior Expert Contact (SEC)<\/p>\n<h4>Propri\u00e9taire du compte: Swiss\u00adcon\u00adtact<\/h4>\n<p>Compte bancaire<br \/>\nUBS AG, CH-8001 Z\u00fcurich<br \/>\nNum\u00e9ro de Clearing: 206<br \/>\nSWIFT: UBSWCHZ\u00adH80A<br \/>\nIBAN: CH60 0020 6206 3134 2301B<\/p>\n\t<div id=\"gap-1524354608\" class=\"gap-element clearfix\" style=\"display:block; height:auto;\">\n\t\t\n<style>\n#gap-1524354608 {\n  padding-top: 30px;\n}\n<\/style>\n\t<\/div>\n\t\n<div class=\"container section-title-container\" ><h3 class=\"section-title section-title-normal\"><b aria-hidden=\"true\"><\/b><span class=\"section-title-main\" >Toute contribution est la bienvenue!<\/span><b aria-hidden=\"true\"><\/b><\/h3><\/div>\n<div class=\"row\"  id=\"row-699450687\">\n\n\t<div id=\"col-169606631\" class=\"col medium-6 small-12 large-6\"  >\n\t\t\t\t<div class=\"col-inner\"  >\n\t\t\t\n\t\t\t\n\t<div class=\"img has-hover x md-x lg-x y md-y lg-y\" id=\"image_1550557196\">\n\t\t\t\t\t\t\t\t<div class=\"img-inner image-cover dark\" style=\"padding-top:50%;\">\n\t\t\t<img loading=\"lazy\" decoding=\"async\" width=\"1000\" height=\"562\" src=\"https:\/\/seniorexpertcontact.org\/wp-content\/uploads\/csm_R0018431_cd3e78a8dc-1000x562.jpg\" class=\"attachment-large size-large\" alt=\"\" srcset=\"https:\/\/seniorexpertcontact.org\/wp-content\/uploads\/csm_R0018431_cd3e78a8dc-1000x562.jpg 1000w, https:\/\/seniorexpertcontact.org\/wp-content\/uploads\/csm_R0018431_cd3e78a8dc-510x287.jpg 510w, https:\/\/seniorexpertcontact.org\/wp-content\/uploads\/csm_R0018431_cd3e78a8dc-280x157.jpg 280w, https:\/\/seniorexpertcontact.org\/wp-content\/uploads\/csm_R0018431_cd3e78a8dc-600x337.jpg 600w, https:\/\/seniorexpertcontact.org\/wp-content\/uploads\/csm_R0018431_cd3e78a8dc-768x432.jpg 768w, https:\/\/seniorexpertcontact.org\/wp-content\/uploads\/csm_R0018431_cd3e78a8dc-820x461.jpg 820w, https:\/\/seniorexpertcontact.org\/wp-content\/uploads\/csm_R0018431_cd3e78a8dc.jpg 2000w\" sizes=\"auto, (max-width: 1000px) 100vw, 1000px\" \/>\t\t\t\t\t\t\n\t\t\t\t\t<\/div>\n\t\t\t\t\t\t\t\t\n<style>\n#image_1550557196 {\n  width: 100%;\n}\n<\/style>\n\t<\/div>\n\t\n\t\t<\/div>\n\t\t\t\t\t<\/div>\n\n\t\n\n\t<div id=\"col-607696248\" class=\"col medium-6 small-12 large-6\"  >\n\t\t\t\t<div class=\"col-inner\"  >\n\t\t\t\n\t\t\t\n\n\t<section class=\"section\" id=\"section_400355307\">\n\t\t<div class=\"section-bg fill\" >\n\t\t\t\t\t\t\t\t\t\n\t\t\t\n\n\t\t<\/div>\n\n\t\t\n\n\t\t<div class=\"section-content relative\">\n\t\t\t\n<a href=\"https:\/\/seniorexpertcontact.org\/fr\/a-propos\/impressum-disclaimer\/\" class=\"button primary expand\" >\n\t\t<span>Mentions l\u00e9gales \/ Disclaimer<\/span>\n\t<\/a>\n\n\t\t<\/div>\n\n\t\t\n<style>\n#section_400355307 {\n  padding-top: 27px;\n  padding-bottom: 27px;\n  background-color: rgb(242, 242, 242);\n}\n<\/style>\n\t<\/section>\n\t\n\t\t<\/div>\n\t\t\t\t\t<\/div>\n\n\t\n<\/div>\n\t\t<\/div>\n\t\t\t\t\t<\/div>\n\n\t\n\n\t<div id=\"col-1703915875\" class=\"col medium-4 small-12 large-4\"  >\n\t\t\t\t<div class=\"col-inner\"  >\n\t\t\t\n\t\t\t\n\n\t<section class=\"section dark\" id=\"section_1826245122\">\n\t\t<div class=\"section-bg fill\" >\n\t\t\t\t\t\t\t\t\t\n\t\t\t\n\n\t\t<\/div>\n\n\t\t\n\n\t\t<div class=\"section-content relative\">\n\t\t\t\n<div class=\"container section-title-container\" ><h3 class=\"section-title section-title-normal\"><b aria-hidden=\"true\"><\/b><span class=\"section-title-main\" style=\"font-size:90%;\">D\u00e9clarations des b\u00e9n\u00e9ficaires<\/span><b aria-hidden=\"true\"><\/b><\/h3><\/div>\n<a data-animate=\"bounceInDown\" href=\"https:\/\/seniorexpertcontact.org\/fr\/wirkung\/kundenstatements\/\" class=\"button white expand\" style=\"border-radius:5px;\">\n\t\t<span>D\u00e9clarations des b\u00e9n\u00e9ficaires<\/span>\n\t<\/a>\n\n\t\t<\/div>\n\n\t\t\n<style>\n#section_1826245122 {\n  padding-top: 30px;\n  padding-bottom: 30px;\n  background-color: rgba(0, 51, 141, 0.8);\n}\n<\/style>\n\t<\/section>\n\t\n\n\t<section class=\"section dark\" id=\"section_1756288013\">\n\t\t<div class=\"section-bg fill\" >\n\t\t\t\t\t\t\t\t\t\n\t\t\t\n\n\t\t<\/div>\n\n\t\t\n\n\t\t<div class=\"section-content relative\">\n\t\t\t\n<div class=\"container section-title-container\" ><h3 class=\"section-title section-title-normal\"><b aria-hidden=\"true\"><\/b><span class=\"section-title-main\" style=\"font-size:90%;\">EXEMPLES DE MISSIONS<\/span><b aria-hidden=\"true\"><\/b><\/h3><\/div>\n<p>D\u00e9couvrez nos activit\u00e9s avec des exemples de missions (class\u00e9es par pays).<\/p>\n<a data-animate=\"bounceInDown\" href=\"https:\/\/seniorexpertcontact.org\/einsatzbeispiele\/\" class=\"button secondary expand\" style=\"border-radius:5px;\">\n\t\t<span>EXEMPLES DE MISSIONS SEC<\/span>\n\t<\/a>\n\n\t<div class=\"img has-hover x md-x lg-x y md-y lg-y\" id=\"image_1925705172\">\n\t\t<a class=\"\" href=\"https:\/\/seniorexpertcontact.org\/einsatzbeispiele\/\" >\t\t\t\t\t\t<div class=\"img-inner image-cover dark\" style=\"padding-top:56.25%;\">\n\t\t\t<img loading=\"lazy\" decoding=\"async\" width=\"280\" height=\"210\" src=\"https:\/\/seniorexpertcontact.org\/wp-content\/uploads\/SEC-CoordinatorSeminar_LA_2016-61-280x210.jpg\" class=\"attachment-thumbnail size-thumbnail\" alt=\"\" srcset=\"https:\/\/seniorexpertcontact.org\/wp-content\/uploads\/SEC-CoordinatorSeminar_LA_2016-61-280x210.jpg 280w, https:\/\/seniorexpertcontact.org\/wp-content\/uploads\/SEC-CoordinatorSeminar_LA_2016-61-510x383.jpg 510w, https:\/\/seniorexpertcontact.org\/wp-content\/uploads\/SEC-CoordinatorSeminar_LA_2016-61-533x400.jpg 533w, https:\/\/seniorexpertcontact.org\/wp-content\/uploads\/SEC-CoordinatorSeminar_LA_2016-61-768x576.jpg 768w, https:\/\/seniorexpertcontact.org\/wp-content\/uploads\/SEC-CoordinatorSeminar_LA_2016-61-800x600.jpg 800w, https:\/\/seniorexpertcontact.org\/wp-content\/uploads\/SEC-CoordinatorSeminar_LA_2016-61-820x615.jpg 820w, https:\/\/seniorexpertcontact.org\/wp-content\/uploads\/SEC-CoordinatorSeminar_LA_2016-61.jpg 1400w\" sizes=\"auto, (max-width: 280px) 100vw, 280px\" \/>\t\t\t\t\t\t\n\t\t\t\t\t<\/div>\n\t\t\t\t\t\t<\/a>\t\t\n<style>\n#image_1925705172 {\n  width: 100%;\n}\n<\/style>\n\t<\/div>\n\t\n\t\t<\/div>\n\n\t\t\n<style>\n#section_1756288013 {\n  padding-top: 30px;\n  padding-bottom: 30px;\n  background-color: #00338D;\n}\n<\/style>\n\t<\/section>\n\t\n\t\t<\/div>\n\t\t\t\t\t<\/div>\n\n\t\n<\/div>\n\t<div id=\"gap-1875165770\" class=\"gap-element clearfix\" style=\"display:block; height:auto;\">\n\t\t\n<style>\n#gap-1875165770 {\n  padding-top: 60px;\n}\n<\/style>\n\t<\/div>\n\t\n","protected":false},"excerpt":{"rendered":"","protected":false},"author":1,"featured_media":2579,"parent":0,"menu_order":0,"comment_status":"closed","ping_status":"closed","template":"page-blank.php","meta":{"footnotes":""},"class_list":["post-4166","page","type-page","status-publish","has-post-thumbnail","hentry"],"aioseo_notices":[],"_links":{"self":[{"href":"https:\/\/seniorexpertcontact.org\/fr\/wp-json\/wp\/v2\/pages\/4166","targetHints":{"allow":["GET"]}}],"collection":[{"href":"https:\/\/seniorexpertcontact.org\/fr\/wp-json\/wp\/v2\/pages"}],"about":[{"href":"https:\/\/seniorexpertcontact.org\/fr\/wp-json\/wp\/v2\/types\/page"}],"author":[{"embeddable":true,"href":"https:\/\/seniorexpertcontact.org\/fr\/wp-json\/wp\/v2\/users\/1"}],"replies":[{"embeddable":true,"href":"https:\/\/seniorexpertcontact.org\/fr\/wp-json\/wp\/v2\/comments?post=4166"}],"version-history":[{"count":7,"href":"https:\/\/seniorexpertcontact.org\/fr\/wp-json\/wp\/v2\/pages\/4166\/revisions"}],"predecessor-version":[{"id":20662,"href":"https:\/\/seniorexpertcontact.org\/fr\/wp-json\/wp\/v2\/pages\/4166\/revisions\/20662"}],"wp:featuredmedia":[{"embeddable":true,"href":"https:\/\/seniorexpertcontact.org\/fr\/wp-json\/wp\/v2\/media\/2579"}],"wp:attachment":[{"href":"https:\/\/seniorexpertcontact.org\/fr\/wp-json\/wp\/v2\/media?parent=4166"}],"curies":[{"name":"wp","href":"https:\/\/api.w.org\/{rel}","templated":true}]}}