{"id":4190,"date":"2017-05-23T19:20:36","date_gmt":"2017-05-23T17:20:36","guid":{"rendered":"https:\/\/seniorexpertcontact.org\/sec-experten\/"},"modified":"2024-04-16T15:57:05","modified_gmt":"2024-04-16T13:57:05","slug":"sec-experten","status":"publish","type":"page","link":"https:\/\/seniorexpertcontact.org\/fr\/sec-experten\/","title":{"rendered":"Devenir experte\/expert"},"content":{"rendered":"<div class=\"slider-wrapper relative\" id=\"slider-1430215463\" >\n    <div class=\"slider slider-nav-circle slider-nav-large slider-nav-light slider-style-normal\"\n        data-flickity-options='{\n            \"cellAlign\": \"center\",\n            \"imagesLoaded\": true,\n            \"lazyLoad\": 1,\n            \"freeScroll\": false,\n            \"wrapAround\": true,\n            \"autoPlay\": false,\n            \"pauseAutoPlayOnHover\" : true,\n            \"prevNextButtons\": false,\n            \"contain\" : true,\n            \"adaptiveHeight\" : true,\n            \"dragThreshold\" : 10,\n            \"percentPosition\": true,\n            \"pageDots\": false,\n            \"rightToLeft\": false,\n            \"draggable\": true,\n            \"selectedAttraction\": 0.1,\n            \"parallax\" : 4,\n            \"friction\": 0.6        }'\n        >\n        \n\n  <div class=\"banner has-hover has-parallax\" id=\"banner-1461380933\">\n          <div class=\"banner-inner fill\">\n        <div class=\"banner-bg fill\" data-parallax=\"-4\" data-parallax-container=\".banner\" data-parallax-background>\n            <img loading=\"lazy\" decoding=\"async\" width=\"1400\" height=\"933\" src=\"https:\/\/seniorexpertcontact.org\/wp-content\/uploads\/SEC_Hilfiker_Food_2016.jpg\" class=\"bg attachment-orginal size-orginal\" alt=\"\" \/>                                    \n                    <\/div>\n\t\t\n        <div class=\"banner-layers container\">\n            <div class=\"fill banner-link\"><\/div>            \n        <\/div>\n      <\/div>\n\n            \n<style>\n#banner-1461380933 {\n  padding-top: 270px;\n}\n#banner-1461380933 .banner-bg img {\n  object-position: 49% 19%;\n}\n<\/style>\n  <\/div>\n\n\n     <\/div>\n\n     <div class=\"loading-spin dark large centered\"><\/div>\n\n\t<\/div>\n\n\n<div class=\"container section-title-container\" ><h3 class=\"section-title section-title-normal\"><b aria-hidden=\"true\"><\/b><span class=\"section-title-main\" >Devenir expert-e SEC<\/span><b aria-hidden=\"true\"><\/b><\/h3><\/div>\n<div class=\"row\"  id=\"row-31929956\">\n\n\t<div id=\"col-737424428\" class=\"col medium-8 small-12 large-8\"  >\n\t\t\t\t<div class=\"col-inner\"  >\n\t\t\t\n\t\t\t\n<p class=\"lead\"><span style=\"font-size: 90%\">Vous souhaitez faire profiter les entreprises \u00e9trang\u00e8res de votre expertise? Le Senior Expert Contact (SEC) est un programme de b\u00e9n\u00e9volat dans lequel des missions courtes sont men\u00e9es dans des pays en voie de d\u00e9veloppement et en Europe de l\u2019Est. Nous recommandons exclusivement des sp\u00e9cialistes qualifi\u00e9s, pour des missions de 2 \u00e0 12 semaines. L\u2019engagement est b\u00e9n\u00e9vole et sans compensation financi\u00e8re.<\/span><\/p>\n<p>Les frais de voyage et d&#8217;h\u00e9bergement durant l&#8217;intervention de conseil sont pris en charge par le SEC et le client b\u00e9n\u00e9ficiaire.<\/p>\n<h3>Les crit\u00e8res d\u2019admission au SEC sont les suivants :<\/h3>\n<ul>\n<li>exp\u00e9rience professionnelle de longue date<\/li>\n<li>savoir-faire technique<\/li>\n<li>connaissances linguistiques<\/li>\n<li>bonne sant\u00e9<\/li>\n<li>flexibilit\u00e9<\/li>\n<li>ouverture d\u2019esprit envers les diverses cultures et populations<\/li>\n<li>participation aux rencontres d\u2019information et de pr\u00e9paration du SEC<\/li>\n<li>volont\u00e9 de participation aux \u00e9tapes de pr\u00e9paration et de suivi des interventions<\/li>\n<li>l\u2019\u00e2ge limite est fix\u00e9 \u00e0 80 ans<\/li>\n<\/ul>\n<h3>Inscription<\/h3>\n<p>Si vous souhaitez partir en mission, prenez contact avec nous et nous vous ferons parvenir la documentation compl\u00e8te. Si, apr\u00e8s lecture de ces documents, vous souhaitez vous inscrire au SEC, veuillez remplir la <b>fiche personnelle (Personalfile) ci-contre et le Curriculum Vitae dans toutes vos langues de travail <\/b>(allemand, fran\u00e7ais, anglais et espagnol) et nous les renvoyer par e-mail.<\/p>\n<p>Deux \u00e0 trois fois par an, nous invitons les nouveaux experts seniors \u00e0 un <a href=\"https:\/\/seniorexpertcontact.org\/fr\/news\/events\/\" target=\"_blank\" rel=\"noopener\">cours d&#8217;introduction\/Formation SEC<\/a>. Le cours d&#8217;introduction a lieu \u00e0 Zurich sur place (en allemand) ou virtuellement (en anglais), chaque futur-e expert-e doit y avoir assist\u00e9 avant de pouvoir ex\u00e9cuter sa premi\u00e8re intervention.<\/p>\n<p>Nous vous prions de nous envoyer les formulaires seulement si vous \u00eates int\u00e9ress\u00e9 \u00e0 un <b>engagement b\u00e9n\u00e9vole et non r\u00e9mun\u00e9r\u00e9<\/b>.<\/p>\n<p><a href=\"mailto:sec@swisscontact.org\">\u00c9crire un email<\/a><\/p>\n<div class=\"is-divider divider clearfix\" ><\/div>\n<div class=\"row\"  id=\"row-332278824\">\n\n\t<div id=\"col-1574061523\" class=\"col small-12 large-12\"  >\n\t\t\t\t<div class=\"col-inner\"  >\n\t\t\t\n\t\t\t\n<h3>Session d\u2019information du SEC<\/h3>\n<p>Souhaitez-vous faire le premier pas pour en savoir plus sur le SEC ?<br \/>\nInscrivez-vous d\u00e8s aujourd\u2019hui \u00e0 la prochaine session d\u2019information en ligne !<\/p>\n<a href=\"https:\/\/seniorexpertcontact.org\/en\/news\/events\/registration-info-session-sec\/\" class=\"button primary\" style=\"border-radius:5px;\">\n\t\t<span>Open registration form<\/span>\n\t<i class=\"icon-angle-right\" aria-hidden=\"true\"><\/i><\/a>\n\n\t\t<\/div>\n\t\t\t\t\t<\/div>\n\n\t\n<\/div>\n<div class=\"is-divider divider clearfix\" ><\/div>\n\t\t<\/div>\n\t\t\t\t\t<\/div>\n\n\t\n\n\t<div id=\"col-666072616\" class=\"col medium-4 small-12 large-4\"  >\n\t\t\t\t<div class=\"col-inner\"  >\n\t\t\t\n\t\t\t\n\n\t<section class=\"section dark\" id=\"section_911222280\">\n\t\t<div class=\"section-bg fill\" >\n\t\t\t\t\t\t\t\t\t\n\t\t\t\n\n\t\t<\/div>\n\n\t\t\n\n\t\t<div class=\"section-content relative\">\n\t\t\t\n<div class=\"container section-title-container\" ><h3 class=\"section-title section-title-normal\"><b aria-hidden=\"true\"><\/b><span class=\"section-title-main\" style=\"font-size:90%;\">Downloads<\/span><b aria-hidden=\"true\"><\/b><\/h3><\/div>\n<div class=\"row row-collapse align-equal\"  id=\"row-1000057380\">\n\n\t<div id=\"col-1819937231\" class=\"col small-12 large-12\"  >\n\t\t\t\t<div class=\"col-inner\"  >\n\t\t\t\n\t\t\t\n<p><b>Curriculum Vitae:<\/b><\/p>\n<ul>\n<li><a href=\"https:\/\/seniorexpertcontact.org\/wp-content\/uploads\/PH0_Curriculum_Vitae_DE.dotx\">Curriculum Vitae Deutsch<\/a><\/li>\n<li><a href=\"https:\/\/seniorexpertcontact.org\/wp-content\/uploads\/PH0_Curriculum_Vitae_FR.dotx\">Curriculum Vitae Fran\u00e7ais<\/a><\/li>\n<li><a href=\"https:\/\/seniorexpertcontact.org\/wp-content\/uploads\/PH0_Curriculum_Vitae_EN.dotx\">Curriculum Vitae English<\/a><\/li>\n<li><a href=\"https:\/\/seniorexpertcontact.org\/wp-content\/uploads\/PH0_Curriculum_Vitae_SP.dotx\">Curriculum Vitae Espa\u00f1ol<\/a><\/li>\n<\/ul>\n<hr \/>\n\t\t<\/div>\n\t\t\t\t\t<\/div>\n\n\t\n\n\t<div id=\"col-1480999143\" class=\"col small-12 large-12\"  >\n\t\t\t\t<div class=\"col-inner\"  >\n\t\t\t\n\t\t\t\n<p><b>Fiche personnelle:<\/b><\/p>\n<ul>\n<li><a href=\"https:\/\/seniorexpertcontact.org\/wp-content\/uploads\/PH0_Expert_Personnel_File_DE.dotx\">Personalfile Deutsch<\/a><\/li>\n<li><a href=\"https:\/\/seniorexpertcontact.org\/wp-content\/uploads\/PH0_Expert_Personnel_File_EN.dotx\">Personalfile English<\/a><\/li>\n<li><a href=\"https:\/\/seniorexpertcontact.org\/wp-content\/uploads\/PH0_Expert_Personnel_File_FR.dotx\">Personalfile Fran\u00e7ais<\/a><\/li>\n<\/ul>\n\t\t<\/div>\n\t\t\t\t\t<\/div>\n\n\t\n<\/div>\n\t\t<\/div>\n\n\t\t\n<style>\n#section_911222280 {\n  padding-top: 30px;\n  padding-bottom: 30px;\n  background-color: #00338D;\n}\n<\/style>\n\t<\/section>\n\t\n\t\t<\/div>\n\t\t\t\t\t<\/div>\n\n\t\n<\/div>\n\t<div id=\"gap-1302746297\" class=\"gap-element clearfix\" style=\"display:block; height:auto;\">\n\t\t\n<style>\n#gap-1302746297 {\n  padding-top: 60px;\n}\n<\/style>\n\t<\/div>\n\t\n","protected":false},"excerpt":{"rendered":"","protected":false},"author":1,"featured_media":1921,"parent":0,"menu_order":0,"comment_status":"closed","ping_status":"closed","template":"page-blank.php","meta":{"footnotes":""},"class_list":["post-4190","page","type-page","status-publish","has-post-thumbnail","hentry"],"aioseo_notices":[],"_links":{"self":[{"href":"https:\/\/seniorexpertcontact.org\/fr\/wp-json\/wp\/v2\/pages\/4190","targetHints":{"allow":["GET"]}}],"collection":[{"href":"https:\/\/seniorexpertcontact.org\/fr\/wp-json\/wp\/v2\/pages"}],"about":[{"href":"https:\/\/seniorexpertcontact.org\/fr\/wp-json\/wp\/v2\/types\/page"}],"author":[{"embeddable":true,"href":"https:\/\/seniorexpertcontact.org\/fr\/wp-json\/wp\/v2\/users\/1"}],"replies":[{"embeddable":true,"href":"https:\/\/seniorexpertcontact.org\/fr\/wp-json\/wp\/v2\/comments?post=4190"}],"version-history":[{"count":0,"href":"https:\/\/seniorexpertcontact.org\/fr\/wp-json\/wp\/v2\/pages\/4190\/revisions"}],"wp:featuredmedia":[{"embeddable":true,"href":"https:\/\/seniorexpertcontact.org\/fr\/wp-json\/wp\/v2\/media\/1921"}],"wp:attachment":[{"href":"https:\/\/seniorexpertcontact.org\/fr\/wp-json\/wp\/v2\/media?parent=4190"}],"curies":[{"name":"wp","href":"https:\/\/api.w.org\/{rel}","templated":true}]}}