{"id":4206,"date":"2017-07-11T15:28:27","date_gmt":"2017-07-11T13:28:27","guid":{"rendered":"https:\/\/seniorexpertcontact.org\/team-kontakt\/impressum\/"},"modified":"2021-03-22T14:04:48","modified_gmt":"2021-03-22T13:04:48","slug":"impressum-disclaimer","status":"publish","type":"page","link":"https:\/\/seniorexpertcontact.org\/fr\/a-propos\/impressum-disclaimer\/","title":{"rendered":"Mentions l\u00e9gales \/ Disclaimer"},"content":{"rendered":"<div class=\"slider-wrapper relative\" id=\"slider-715761318\" >\n    <div class=\"slider slider-nav-circle slider-nav-large slider-nav-light slider-style-normal\"\n        data-flickity-options='{\n            \"cellAlign\": \"center\",\n            \"imagesLoaded\": true,\n            \"lazyLoad\": 1,\n            \"freeScroll\": false,\n            \"wrapAround\": true,\n            \"autoPlay\": false,\n            \"pauseAutoPlayOnHover\" : true,\n            \"prevNextButtons\": false,\n            \"contain\" : true,\n            \"adaptiveHeight\" : true,\n            \"dragThreshold\" : 10,\n            \"percentPosition\": true,\n            \"pageDots\": false,\n            \"rightToLeft\": false,\n            \"draggable\": true,\n            \"selectedAttraction\": 0.1,\n            \"parallax\" : 4,\n            \"friction\": 0.6        }'\n        >\n        \n\n  <div class=\"banner has-hover has-parallax\" id=\"banner-1330142377\">\n          <div class=\"banner-inner fill\">\n        <div class=\"banner-bg fill\" data-parallax=\"-4\" data-parallax-container=\".banner\" data-parallax-background>\n            <img loading=\"lazy\" decoding=\"async\" width=\"1400\" height=\"1050\" src=\"https:\/\/seniorexpertcontact.org\/wp-content\/uploads\/SEC_Horbaty_Besuch_Nepal_2014-544.jpg\" class=\"bg attachment-orginal size-orginal\" alt=\"\" \/>                                    \n                    <\/div>\n\t\t\n        <div class=\"banner-layers container\">\n            <div class=\"fill banner-link\"><\/div>            \n        <\/div>\n      <\/div>\n\n            \n<style>\n#banner-1330142377 {\n  padding-top: 270px;\n}\n#banner-1330142377 .banner-bg img {\n  object-position: 52% 45%;\n}\n<\/style>\n  <\/div>\n\n\n     <\/div>\n\n     <div class=\"loading-spin dark large centered\"><\/div>\n\n\t<\/div>\n\n\n<div class=\"container section-title-container\" ><h3 class=\"section-title section-title-normal\"><b aria-hidden=\"true\"><\/b><span class=\"section-title-main\" >Mentions l\u00e9gales \/ Disclaimer<\/span><b aria-hidden=\"true\"><\/b><\/h3><\/div>\n<div class=\"row\"  id=\"row-1506230217\">\n\n\t<div id=\"col-1963352606\" class=\"col medium-6 large-6\"  data-animate=\"fadeInUp\">\n\t\t\t\t<div class=\"col-inner\"  >\n\t\t\t\n\t\t\t\n<h2>Contenu et r\u00e9daction<\/h2>\n<p>Swisscontact<br \/>\nFondation suisse pour la coop\u00e9ration technique au d\u00e9veloppement<br \/>\n<strong>Senior Expert Contact (SEC)<\/strong><br \/>\nHardturmstrasse 134<br \/>\n8005 Zurich<br \/>\nSuisse<\/p>\n<hr \/>\n<p class=\"key\">UID: CHE-104.856.294<br \/>\nNum\u00e9ro d&#8217;entreprise: CH-020.3.021.233-4<\/p>\n\t\t<\/div>\n\t\t\t\t\t<\/div>\n\n\t\n\n\t<div id=\"col-1620825481\" class=\"col medium-6 large-6\"  data-animate=\"fadeInUp\">\n\t\t\t\t<div class=\"col-inner\"  >\n\t\t\t\n\t\t\t\n<h3>Conception, programmation et op\u00e9ration<\/h3>\n<p>Aquablues Medienagentur<br \/>\n<a class=\"ext-link wpel-icon-right\" href=\"https:\/\/aquablues.ch\/\" target=\"_blank\" rel=\"external noopener noreferrer\">www.aquablues.ch<\/a><\/p>\n\t\t<\/div>\n\t\t\t\t\t<\/div>\n\n\t\n\n\t<div id=\"col-728390620\" class=\"col medium-1\/1 large-12\"  >\n\t\t\t\t<div class=\"col-inner\"  >\n\t\t\t\n\t\t\t\n<div class=\"container section-title-container\" ><h3 class=\"section-title section-title-normal\"><b aria-hidden=\"true\"><\/b><span class=\"section-title-main\" style=\"font-size:102%;\">Informations l\u00e9gales<\/span><b aria-hidden=\"true\"><\/b><\/h3><\/div>\n\t\t<\/div>\n\t\t\t\t\t<\/div>\n\n\t\n<\/div>\n<div class=\"row\"  id=\"row-400108090\">\n\n\t<div id=\"col-867814000\" class=\"col medium-6 large-6\"  data-animate=\"fadeInUp\">\n\t\t\t\t<div class=\"col-inner\"  >\n\t\t\t\n\t\t\t\n<p>Swisscontact exploite le site Internet du programme\u00a0 Senior Expert Contact (SEC) sous seniorexpertcontact.org.<\/p>\n<h3>Responsabilit\u00e9 quant au contenu du site internet<\/h3>\n<p>Les indications pr\u00e9sent\u00e9es sur ce site ne sont pas contraignantes et ne sont mises \u00e0 disposition qu\u2019\u00e0 des fins purement informatives. Malgr\u00e9 une r\u00e9daction minutieuse des informations publi\u00e9es sur ces pages, Swisscontact ne peut en garantir l&#8217;exactitude, la qualit\u00e9, la mise \u00e0 jour ni l&#8217;exhaustivit\u00e9. Les actions en responsabilit\u00e9 contre Swisscontact, qui se r\u00e9f\u00e8rent \u00e0 la nature mat\u00e9rielle ou immat\u00e9rielle des dommages caus\u00e9s par l&#8217;utilisation ou la non-utilisation des informations ou l&#8217;utilisation d&#8217;informations erron\u00e9es et incompl\u00e8tes, sont fondamentalement exclues, pour autant qu\u2019il n\u2019y ait de la part de Swisscontact aucune n\u00e9gligence intentionnelle ou grave. Toutes les offres sont non contraignantes. Swisscontact se r\u00e9serve express\u00e9ment le droit de modifier, de compl\u00e9ter ou de supprimer certaines parties ou la totalit\u00e9 de l&#8217;offre, ou d\u2019en suspendre la publication temporairement ou d\u00e9finitivement, sans aucun pr\u00e9avis.<\/p>\n<h3>Responsabilit\u00e9 quant aux r\u00e9f\u00e9rences et aux liens<\/h3>\n<p>Swisscontact v\u00e9rifie l\u2019absence de contenu illicite au moment de publier les liens ou r\u00e9f\u00e9rences figurant dans son site. Toutefois, comme Swisscontact n&#8217;a aucune influence sur l\u2019\u00e9volution de la conception des sites vers lesquels pointent les liens de son propre site web, l\u2019entreprise ne peut assumer aucune responsabilit\u00e9 quant au contenu de ces sites. Si Swisscontact devait avoir connaissance d\u2019un contenu ill\u00e9gal sur les pages li\u00e9es \/ r\u00e9f\u00e9renc\u00e9es, ces liens seraient supprim\u00e9s du site de l\u2019entreprise. Le m\u00eame principe s\u2019applique pour les commentaires de tiers dans les livres d\u2019or, les forums de discussion et les listes de diffusion ouverts par Swisscontact.<\/p>\n<h3>Droit d\u2019auteur et droit des marques<\/h3>\n<p>Dans toutes ses publications, Swisscontact s&#8217;efforce de respecter les droits d&#8217;auteur des \u00e9l\u00e9ments graphiques, fichiers sonores, s\u00e9quences vid\u00e9o et textes exploit\u00e9s, d\u2019utiliser ses propres \u00e9l\u00e9ments graphiques, documents sonores, s\u00e9quences vid\u00e9o et textes ou d\u2019avoir recours \u00e0 des \u00e9l\u00e9ments graphiques, fichiers sonores, s\u00e9quences vid\u00e9o et textes du domaine public. Toutes les marques et marques d\u00e9pos\u00e9es cit\u00e9es dans l&#8217;offre Internet ou \u00e9ventuellement prot\u00e9g\u00e9es par des tiers sont soumises sans restriction aux dispositions applicables du droit des marques et aux droits de possession de leurs propri\u00e9taires officiels respectifs. Une marque cit\u00e9e sans autre pr\u00e9cision ne signifie pas qu\u2019elle n\u2019est pas prot\u00e9g\u00e9e par les droits de tiers.<\/p>\n<p>Le copyright des objets publi\u00e9s et cr\u00e9\u00e9s par Swisscontact reste la propri\u00e9t\u00e9 exclusive de Swisscontact. Toute reproduction ou utilisation des graphiques, fichiers sonores, s\u00e9quences vid\u00e9o et textes dans d&#8217;autres publications \u00e9lectroniques ou imprim\u00e9es est interdite sans le consentement explicite de Swisscontact.<\/p>\n<h3>Protection des donn\u00e9es<\/h3>\n<p>Si l\u2019offre internet comprend la possibilit\u00e9 de saisir des donn\u00e9es personnelles ou commerciales (adresse e-mail, nom, adresse), ces donn\u00e9es ne peuvent \u00eatre divulgu\u00e9es qu\u2019avec l\u2019accord explicite de l\u2019utilisateur.<\/p>\n\t\t<\/div>\n\t\t\t\t\t<\/div>\n\n\t\n\n\t<div id=\"col-742545432\" class=\"col medium-6 large-6\"  data-animate=\"fadeInUp\">\n\t\t\t\t<div class=\"col-inner\"  >\n\t\t\t\n\t\t\t\n<h3>Cookies<\/h3>\n<p>Le pr\u00e9sent site internet contient des cookies. Par cookies l\u2019on entend des donn\u00e9es envoy\u00e9es par un site internet visit\u00e9, ou son serveur, au navigateur de votre ordinateur, afin de pouvoir le reconna\u00eetre ult\u00e9rieurement. Votre ordinateur enverra les informations des cookies lors d\u2019une prochaine visite sur ce site, \u00e0 chaque nouvelle demande du serveur. Les cookies seront utilis\u00e9s par exemple pour pr\u00e9senter des contenus complexes et dynamiques, pour que le site puisse vous reconna\u00eetre lors de votre visite, dans le but final de favoriser la convivialit\u00e9 du site. \u00c0 travers le param\u00e8tre de votre navigateur pr\u00e9vu \u00e0 cet effet, vous pouvez emp\u00eacher \u00e0 tout moment l\u2019installation de cookies ou faire appara\u00eetre un avertissement \u00e0 chaque installation. Vous pourrez ainsi d\u00e9cider vous-m\u00eame si vous acceptez les cookies ou non. Notre site internet peut \u00e9galement, pour l\u2019essentiel, \u00eatre utilis\u00e9 sans l\u2019acceptation de cookies, cependant quelques fonctionnalit\u00e9s peuvent \u00eatre limit\u00e9es.<\/p>\n<h3>Google Analytics<\/h3>\n<p>Ce site utilise Google Analytics, un service d&#8217;analyse de site internet fourni par Google Inc. (\u00ab Google \u00bb). Google Analytics utilise des cookies , qui sont des fichiers texte plac\u00e9s sur votre ordinateur, pour aider le site internet \u00e0 analyser l&#8217;utilisation du site par ses utilisateurs. Les donn\u00e9es g\u00e9n\u00e9r\u00e9es par les cookies concernant votre utilisation du site (y compris votre adresse IP) seront transmises et stock\u00e9es par Google sur des serveurs situ\u00e9s aux Etats-Unis. Google utilisera cette information dans le but d&#8217;\u00e9valuer votre utilisation du site, de compiler des rapports sur l&#8217;activit\u00e9 du site \u00e0 destination de son \u00e9diteur et de fournir d&#8217;autres services relatifs \u00e0 l&#8217;activit\u00e9 du site et \u00e0 l&#8217;utilisation d&#8217;Internet. Google est susceptible de communiquer ces donn\u00e9es \u00e0 des tiers en cas d&#8217;obligation l\u00e9gale ou lorsque ces tiers traitent ces donn\u00e9es pour le compte de Google, y compris notamment l&#8217;\u00e9diteur de ce site. Google ne recoupera pas votre adresse IP avec toute autre donn\u00e9e d\u00e9tenue par Google. Vous pouvez d\u00e9sactiver l&#8217;utilisation de cookies en s\u00e9lectionnant les param\u00e8tres appropri\u00e9s de votre navigateur. Cependant, une telle d\u00e9sactivation pourrait emp\u00eacher l&#8217;utilisation de certaines fonctionnalit\u00e9s de ce site. En utilisant ce site internet, vous consentez express\u00e9ment au traitement de vos donn\u00e9es nominatives par Google dans les conditions et pour les finalit\u00e9s d\u00e9crites ci-dessus. Si vous ne voulez pas que vos donn\u00e9es sont collectionn\u00e9es, vous pouvez d\u00e9sactiver Google Analytics. Browser-Add-on: (<a href=\"https:\/\/tools.google.com\/dlpage\/gaoptout\">https:\/\/tools.google.com\/dlpage\/gaoptout<\/a>)<\/p>\n<h3>Validit\u00e9 juridique de cette exclusion de responsabilit\u00e9<\/h3>\n<p>Si des parties ou des formulations isol\u00e9es des pr\u00e9sentes mentions l\u00e9gales devaient \u00eatre entach\u00e9es de nullit\u00e9, les autres parties resteraient valables ; dans la mesure du possible, la partie entach\u00e9e de nullit\u00e9 sera interpr\u00e9t\u00e9e par les parties contractantes de fa\u00e7on \u00e0 rester le plus proche possible de l\u2019objectif initial de la formulation entach\u00e9e de nullit\u00e9.<\/p>\n\t\t<\/div>\n\t\t\t\t\t<\/div>\n\n\t\n<\/div>\n\t<div id=\"gap-123019413\" class=\"gap-element clearfix\" style=\"display:block; height:auto;\">\n\t\t\n<style>\n#gap-123019413 {\n  padding-top: 40px;\n}\n<\/style>\n\t<\/div>\n\t\n","protected":false},"excerpt":{"rendered":"","protected":false},"author":1,"featured_media":1877,"parent":4704,"menu_order":0,"comment_status":"closed","ping_status":"closed","template":"page-blank.php","meta":{"footnotes":""},"class_list":["post-4206","page","type-page","status-publish","has-post-thumbnail","hentry"],"aioseo_notices":[],"_links":{"self":[{"href":"https:\/\/seniorexpertcontact.org\/fr\/wp-json\/wp\/v2\/pages\/4206","targetHints":{"allow":["GET"]}}],"collection":[{"href":"https:\/\/seniorexpertcontact.org\/fr\/wp-json\/wp\/v2\/pages"}],"about":[{"href":"https:\/\/seniorexpertcontact.org\/fr\/wp-json\/wp\/v2\/types\/page"}],"author":[{"embeddable":true,"href":"https:\/\/seniorexpertcontact.org\/fr\/wp-json\/wp\/v2\/users\/1"}],"replies":[{"embeddable":true,"href":"https:\/\/seniorexpertcontact.org\/fr\/wp-json\/wp\/v2\/comments?post=4206"}],"version-history":[{"count":0,"href":"https:\/\/seniorexpertcontact.org\/fr\/wp-json\/wp\/v2\/pages\/4206\/revisions"}],"up":[{"embeddable":true,"href":"https:\/\/seniorexpertcontact.org\/fr\/wp-json\/wp\/v2\/pages\/4704"}],"wp:featuredmedia":[{"embeddable":true,"href":"https:\/\/seniorexpertcontact.org\/fr\/wp-json\/wp\/v2\/media\/1877"}],"wp:attachment":[{"href":"https:\/\/seniorexpertcontact.org\/fr\/wp-json\/wp\/v2\/media?parent=4206"}],"curies":[{"name":"wp","href":"https:\/\/api.w.org\/{rel}","templated":true}]}}