{"id":4213,"date":"2017-05-23T19:14:05","date_gmt":"2017-05-23T17:14:05","guid":{"rendered":"https:\/\/seniorexpertcontact.org\/wirkung\/"},"modified":"2025-04-09T09:53:38","modified_gmt":"2025-04-09T07:53:38","slug":"wirkung","status":"publish","type":"page","link":"https:\/\/seniorexpertcontact.org\/fr\/wirkung\/","title":{"rendered":"Impact du SEC"},"content":{"rendered":"<div class=\"slider-wrapper relative\" id=\"slider-862975070\" >\n    <div class=\"slider slider-nav-circle slider-nav-large slider-nav-light slider-style-normal\"\n        data-flickity-options='{\n            \"cellAlign\": \"center\",\n            \"imagesLoaded\": true,\n            \"lazyLoad\": 1,\n            \"freeScroll\": false,\n            \"wrapAround\": true,\n            \"autoPlay\": false,\n            \"pauseAutoPlayOnHover\" : true,\n            \"prevNextButtons\": false,\n            \"contain\" : true,\n            \"adaptiveHeight\" : true,\n            \"dragThreshold\" : 10,\n            \"percentPosition\": true,\n            \"pageDots\": false,\n            \"rightToLeft\": false,\n            \"draggable\": true,\n            \"selectedAttraction\": 0.1,\n            \"parallax\" : 4,\n            \"friction\": 0.6        }'\n        >\n        \n\n  <div class=\"banner has-hover has-parallax\" id=\"banner-1198207695\">\n          <div class=\"banner-inner fill\">\n        <div class=\"banner-bg fill\" data-parallax=\"-4\" data-parallax-container=\".banner\" data-parallax-background>\n            <img loading=\"lazy\" decoding=\"async\" width=\"1400\" height=\"1050\" src=\"https:\/\/seniorexpertcontact.org\/wp-content\/uploads\/SEC_Oberli_Wood_Peru_2016-3.jpg\" class=\"bg attachment-orginal size-orginal\" alt=\"\" \/>                                    \n                    <\/div>\n\t\t\n        <div class=\"banner-layers container\">\n            <div class=\"fill banner-link\"><\/div>            \n        <\/div>\n      <\/div>\n\n            \n<style>\n#banner-1198207695 {\n  padding-top: 270px;\n}\n#banner-1198207695 .banner-bg img {\n  object-position: 55% 42%;\n}\n<\/style>\n  <\/div>\n\n\n     <\/div>\n\n     <div class=\"loading-spin dark large centered\"><\/div>\n\n\t<\/div>\n\n\n<div class=\"container section-title-container\" ><h3 class=\"section-title section-title-normal\"><b aria-hidden=\"true\"><\/b><span class=\"section-title-main\" >Impact du SEC<\/span><b aria-hidden=\"true\"><\/b><\/h3><\/div>\n<div class=\"row\"  id=\"row-73190840\">\n\n\t<div id=\"col-1188696512\" class=\"col medium-8 small-12 large-8\"  data-animate=\"fadeInUp\">\n\t\t\t\t<div class=\"col-inner\"  >\n\t\t\t\n\t\t\t\n<p class=\"lead\">Gr\u00e2ce \u00e0 leurs interventions b\u00e9n\u00e9voles, les expertes et experts sont le moteur du d\u00e9veloppement \u00e9conomique non bureaucratique et direct des entreprises et des institutions. Plus de 700 expertes et experts, dont la plupart sont retrait\u00e9-e-s, de l\u2019artisane au sp\u00e9cialiste de l\u2019h\u00f4tellerie en passant par la responsable du marketing, mettent \u00e0 disposition leurs connaissances et leur exp\u00e9rience.<\/p>\n\t<div id=\"gap-1933581470\" class=\"gap-element clearfix\" style=\"display:block; height:auto;\">\n\t\t\n<style>\n#gap-1933581470 {\n  padding-top: 30px;\n}\n<\/style>\n\t<\/div>\n\t\n<div class=\"container section-title-container\" ><h3 class=\"section-title section-title-normal\"><b aria-hidden=\"true\"><\/b><span class=\"section-title-main\" style=\"font-size:92%;\">Promotion des Petites et Moyennes Entreprises (PME)<\/span><b aria-hidden=\"true\"><\/b><\/h3><\/div>\n<p>Depuis 1979, le SEC a coordonn\u00e9 plus de 4000 interventions de conseil au cours desquelles les expertes et experts ont fourni b\u00e9n\u00e9volement plus de 1,4 million d\u2019heures de travail, soit l\u2019\u00e9quivalent financier d\u2019environ 57 millions de francs suisses.<\/p>\n<p>Le SEC est un programme de Swisscontact. Depuis 1993, le programme est soutenu par la Direction du D\u00e9veloppement et de la Coop\u00e9ration (DDC).<\/p>\n<h3>Une grande efficacit\u00e9, tout simplement<\/h3>\n<p>Effets des conseils des expertes et experts du SEC :<\/p>\n<ul>\n<li>am\u00e9lioration de la qualit\u00e9 des produits<\/li>\n<li>processus de travail plus performants<\/li>\n<li>meilleures conditions de travail<\/li>\n<li>comp\u00e9titivit\u00e9 accrue sur le march\u00e9 local<\/li>\n<li>cr\u00e9ation d\u2019emplois<\/li>\n<li>att\u00e9nuation de la pauvret\u00e9<\/li>\n<\/ul>\n\t<div id=\"gap-733655178\" class=\"gap-element clearfix\" style=\"display:block; height:auto;\">\n\t\t\n<style>\n#gap-733655178 {\n  padding-top: 30px;\n}\n<\/style>\n\t<\/div>\n\t\n<div class=\"container section-title-container\" ><h3 class=\"section-title section-title-normal\"><b aria-hidden=\"true\"><\/b><span class=\"section-title-main\" style=\"font-size:92%;\">SEC \u00c9valuation d'impact<\/span><b aria-hidden=\"true\"><\/b><\/h3><\/div>\n<div class=\"row row-small row-full-width\"  id=\"row-50688686\">\n\n\t<div id=\"col-1325168782\" class=\"col large-12\"  data-animate=\"fadeInUp\">\n\t\t\t\t<div class=\"col-inner\"  >\n\t\t\t\n\t\t\t\n<p>L&#8217;impact des interventions de la SEC est mesur\u00e9 r\u00e9guli\u00e8rement et r\u00e9sum\u00e9 dans une \u00e9valuation d&#8217;impact.<br \/>\n<a title=\"\u00c9valuation d\u2019impact\" href=\"https:\/\/seniorexpertcontact.org\/fr\/wirkung\/evaluation-dimpact\/\">Vers le site web avec les \u00e9valuation d&#8217;impact (en anglais)<\/a><\/p>\n\t\t<\/div>\n\t\t\t\t\t<\/div>\n\n\t\n<\/div>\n\t\t<\/div>\n\t\t\t\t\t<\/div>\n\n\t\n\n\t<div id=\"col-1123750478\" class=\"col medium-4 small-12 large-4\"  data-animate=\"fadeInUp\">\n\t\t\t\t<div class=\"col-inner\"  >\n\t\t\t\n\t\t\t\n\n\t<section class=\"section\" id=\"section_957572527\">\n\t\t<div class=\"section-bg fill\" >\n\t\t\t\t\t\t\t\t\t\n\t\t\t\n\n\t\t<\/div>\n\n\t\t\n\n\t\t<div class=\"section-content relative\">\n\t\t\t\n<div class=\"container section-title-container\" ><h3 class=\"section-title section-title-normal\"><b aria-hidden=\"true\"><\/b><span class=\"section-title-main\" style=\"font-size:90%;\">Votre engagement<\/span><b aria-hidden=\"true\"><\/b><\/h3><\/div>\n<p>Par votre contribution, favorisez le transfert de savoir.<\/p>\n<a data-animate=\"bounceInDown\" href=\"https:\/\/seniorexpertcontact.org\/fr\/freie-spenden\/\" class=\"button primary is-outline expand\" style=\"border-radius:5px;\">\n\t\t<span>Formulaire de don<\/span>\n\t<\/a>\n\n\t\t<\/div>\n\n\t\t\n<style>\n#section_957572527 {\n  padding-top: 30px;\n  padding-bottom: 30px;\n  background-color: rgb(242, 242, 242);\n}\n<\/style>\n\t<\/section>\n\t\n\n\t<section class=\"section dark\" id=\"section_570987105\">\n\t\t<div class=\"section-bg fill\" >\n\t\t\t\t\t\t\t\t\t\n\t\t\t\n\n\t\t<\/div>\n\n\t\t\n\n\t\t<div class=\"section-content relative\">\n\t\t\t\n<div class=\"container section-title-container\" ><h3 class=\"section-title section-title-normal\"><b aria-hidden=\"true\"><\/b><span class=\"section-title-main\" style=\"font-size:90%;\">D\u00e9clarations des b\u00e9n\u00e9ficaires<\/span><b aria-hidden=\"true\"><\/b><\/h3><\/div>\n<a data-animate=\"bounceInDown\" href=\"https:\/\/seniorexpertcontact.org\/fr\/wirkung\/kundenstatements\/\" class=\"button white expand\" style=\"border-radius:5px;\">\n\t\t<span>D\u00e9clarations des b\u00e9n\u00e9ficaires<\/span>\n\t<\/a>\n\n\t\t<\/div>\n\n\t\t\n<style>\n#section_570987105 {\n  padding-top: 30px;\n  padding-bottom: 30px;\n  background-color: rgba(0, 51, 141, 0.8);\n}\n<\/style>\n\t<\/section>\n\t\n\n\t<section class=\"section dark\" id=\"section_91271800\">\n\t\t<div class=\"section-bg fill\" >\n\t\t\t\t\t\t\t\t\t\n\t\t\t\n\n\t\t<\/div>\n\n\t\t\n\n\t\t<div class=\"section-content relative\">\n\t\t\t\n<div class=\"container section-title-container\" ><h3 class=\"section-title section-title-normal\"><b aria-hidden=\"true\"><\/b><span class=\"section-title-main\" style=\"font-size:90%;\">EXEMPLES DE MISSIONS<\/span><b aria-hidden=\"true\"><\/b><\/h3><\/div>\n<p>D\u00e9couvrez nos activit\u00e9s avec des exemples de missions (class\u00e9es par pays).<\/p>\n<a data-animate=\"bounceInDown\" href=\"https:\/\/seniorexpertcontact.org\/einsatzbeispiele\/\" class=\"button secondary expand\" style=\"border-radius:5px;\">\n\t\t<span>EXEMPLES DE MISSIONS SEC<\/span>\n\t<\/a>\n\n\t<div class=\"img has-hover x md-x lg-x y md-y lg-y\" id=\"image_1870057621\">\n\t\t<a class=\"\" href=\"https:\/\/seniorexpertcontact.org\/einsatzbeispiele\/\" >\t\t\t\t\t\t<div class=\"img-inner image-cover dark\" style=\"padding-top:56.25%;\">\n\t\t\t<img loading=\"lazy\" decoding=\"async\" width=\"280\" height=\"210\" src=\"https:\/\/seniorexpertcontact.org\/wp-content\/uploads\/SEC-CoordinatorSeminar_LA_2016-61-280x210.jpg\" class=\"attachment-thumbnail size-thumbnail\" alt=\"\" srcset=\"https:\/\/seniorexpertcontact.org\/wp-content\/uploads\/SEC-CoordinatorSeminar_LA_2016-61-280x210.jpg 280w, https:\/\/seniorexpertcontact.org\/wp-content\/uploads\/SEC-CoordinatorSeminar_LA_2016-61-510x383.jpg 510w, https:\/\/seniorexpertcontact.org\/wp-content\/uploads\/SEC-CoordinatorSeminar_LA_2016-61-533x400.jpg 533w, https:\/\/seniorexpertcontact.org\/wp-content\/uploads\/SEC-CoordinatorSeminar_LA_2016-61-768x576.jpg 768w, https:\/\/seniorexpertcontact.org\/wp-content\/uploads\/SEC-CoordinatorSeminar_LA_2016-61-800x600.jpg 800w, https:\/\/seniorexpertcontact.org\/wp-content\/uploads\/SEC-CoordinatorSeminar_LA_2016-61-820x615.jpg 820w, https:\/\/seniorexpertcontact.org\/wp-content\/uploads\/SEC-CoordinatorSeminar_LA_2016-61.jpg 1400w\" sizes=\"auto, (max-width: 280px) 100vw, 280px\" \/>\t\t\t\t\t\t\n\t\t\t\t\t<\/div>\n\t\t\t\t\t\t<\/a>\t\t\n<style>\n#image_1870057621 {\n  width: 100%;\n}\n<\/style>\n\t<\/div>\n\t\n\t\t<\/div>\n\n\t\t\n<style>\n#section_91271800 {\n  padding-top: 30px;\n  padding-bottom: 30px;\n  background-color: #00338D;\n}\n<\/style>\n\t<\/section>\n\t\n\t\t<\/div>\n\t\t\t\t\t<\/div>\n\n\t\n<\/div>\n\t<div id=\"gap-1130693158\" class=\"gap-element clearfix\" style=\"display:block; height:auto;\">\n\t\t\n<style>\n#gap-1130693158 {\n  padding-top: 40px;\n}\n<\/style>\n\t<\/div>\n\t\n","protected":false},"excerpt":{"rendered":"","protected":false},"author":1,"featured_media":1949,"parent":0,"menu_order":0,"comment_status":"closed","ping_status":"closed","template":"page-blank.php","meta":{"footnotes":""},"class_list":["post-4213","page","type-page","status-publish","has-post-thumbnail","hentry"],"aioseo_notices":[],"_links":{"self":[{"href":"https:\/\/seniorexpertcontact.org\/fr\/wp-json\/wp\/v2\/pages\/4213","targetHints":{"allow":["GET"]}}],"collection":[{"href":"https:\/\/seniorexpertcontact.org\/fr\/wp-json\/wp\/v2\/pages"}],"about":[{"href":"https:\/\/seniorexpertcontact.org\/fr\/wp-json\/wp\/v2\/types\/page"}],"author":[{"embeddable":true,"href":"https:\/\/seniorexpertcontact.org\/fr\/wp-json\/wp\/v2\/users\/1"}],"replies":[{"embeddable":true,"href":"https:\/\/seniorexpertcontact.org\/fr\/wp-json\/wp\/v2\/comments?post=4213"}],"version-history":[{"count":0,"href":"https:\/\/seniorexpertcontact.org\/fr\/wp-json\/wp\/v2\/pages\/4213\/revisions"}],"wp:featuredmedia":[{"embeddable":true,"href":"https:\/\/seniorexpertcontact.org\/fr\/wp-json\/wp\/v2\/media\/1949"}],"wp:attachment":[{"href":"https:\/\/seniorexpertcontact.org\/fr\/wp-json\/wp\/v2\/media?parent=4213"}],"curies":[{"name":"wp","href":"https:\/\/api.w.org\/{rel}","templated":true}]}}