{"id":4704,"date":"2017-11-18T07:54:18","date_gmt":"2017-11-18T06:54:18","guid":{"rendered":"https:\/\/seniorexpertcontact.org\/?page_id=4704"},"modified":"2026-01-07T10:10:16","modified_gmt":"2026-01-07T09:10:16","slug":"a-propos","status":"publish","type":"page","link":"https:\/\/seniorexpertcontact.org\/fr\/a-propos\/","title":{"rendered":"\u00c0 propos"},"content":{"rendered":"<div class=\"slider-wrapper relative\" id=\"slider-2062178406\" >\n    <div class=\"slider slider-nav-circle slider-nav-large slider-nav-light slider-style-normal\"\n        data-flickity-options='{\n            \"cellAlign\": \"center\",\n            \"imagesLoaded\": true,\n            \"lazyLoad\": 1,\n            \"freeScroll\": false,\n            \"wrapAround\": true,\n            \"autoPlay\": false,\n            \"pauseAutoPlayOnHover\" : true,\n            \"prevNextButtons\": false,\n            \"contain\" : true,\n            \"adaptiveHeight\" : true,\n            \"dragThreshold\" : 10,\n            \"percentPosition\": true,\n            \"pageDots\": false,\n            \"rightToLeft\": false,\n            \"draggable\": true,\n            \"selectedAttraction\": 0.1,\n            \"parallax\" : 4,\n            \"friction\": 0.6        }'\n        >\n        \n\n  <div class=\"banner has-hover has-parallax\" id=\"banner-1112092941\">\n          <div class=\"banner-inner fill\">\n        <div class=\"banner-bg fill\" data-parallax=\"-4\" data-parallax-container=\".banner\" data-parallax-background>\n            <img loading=\"lazy\" decoding=\"async\" width=\"1400\" height=\"487\" src=\"https:\/\/seniorexpertcontact.org\/wp-content\/uploads\/sec-bg-weltkarte-1400x497.jpg\" class=\"bg attachment-orginal size-orginal\" alt=\"\" \/>                                    \n                    <\/div>\n\t\t\n        <div class=\"banner-layers container\">\n            <div class=\"fill banner-link\"><\/div>            \n        <\/div>\n      <\/div>\n\n            \n<style>\n#banner-1112092941 {\n  padding-top: 270px;\n}\n#banner-1112092941 .banner-bg img {\n  object-position: 51% 8%;\n}\n<\/style>\n  <\/div>\n\n\n     <\/div>\n\n     <div class=\"loading-spin dark large centered\"><\/div>\n\n\t<\/div>\n\n\n<div class=\"container section-title-container\" ><h3 class=\"section-title section-title-normal\"><b aria-hidden=\"true\"><\/b><span class=\"section-title-main\" >Senior Expert Contact (SEC)<\/span><b aria-hidden=\"true\"><\/b><\/h3><\/div>\n<div class=\"row\"  id=\"row-202471660\">\n\n\t<div id=\"col-1730141992\" class=\"col medium-8 small-12 large-8\"  >\n\t\t\t\t<div class=\"col-inner\"  >\n\t\t\t\n\t\t\t\n<p class=\"lead\">L\u2019exp\u00e9rience au service de la promotion des entreprises &#8211; La transmission pratique et b\u00e9n\u00e9vole des comp\u00e9tences<\/p>\n<p>Les expertes et experts retrait\u00e9s du SEC se rendent sur place en qualit\u00e9 d&#8217;experts. Ils soutiennent et conseillent b\u00e9n\u00e9volement les petites et moyennes entreprises dans les pays en voie de d\u00e9veloppement et en Europe de l&#8217;Est.<\/p>\n<div>La SEC a \u00e9t\u00e9 fond\u00e9e en 1979 et est une programme de <a href=\"https:\/\/www.swisscontact.org\/fr\" target=\"_blank\" rel=\"noopener\">Swisscontact<\/a>. Swisscontact est une fondation ind\u00e9pendante, proche du secteur priv\u00e9 pour la coop\u00e9ration internationale au d\u00e9veloppement. Swisscontact compte plus de 1000 collaborateurs dans 40 pays et stimule depuis 1959 le d\u00e9veloppement \u00e9conomique, social et \u00e9cologique de pays en voie de d\u00e9veloppement.<\/div>\n<div><\/div>\n<div>La SEC fait partie du programme de d\u00e9veloppement de Swisscontact, cofinanc\u00e9 depuis 1993par la Direction du d\u00e9veloppement et de la coop\u00e9ration Suisse (DDC), D\u00e9partement f\u00e9d\u00e9ral des affaires \u00e9trang\u00e8res DFAE.<\/div>\n<a href=\"http:\/\/www.swisscontact.org\/fr\/page-daccueil.html\" target=\"_blank\" class=\"button primary expand\" rel=\"noopener\" style=\"border-radius:6px;\">\n\t\t<span>www.swisscontact.ch<\/span>\n\t<i class=\"icon-angle-right\" aria-hidden=\"true\"><\/i><\/a>\n\n\t<div id=\"gap-832355657\" class=\"gap-element clearfix\" style=\"display:block; height:auto;\">\n\t\t\n<style>\n#gap-832355657 {\n  padding-top: 30px;\n}\n<\/style>\n\t<\/div>\n\t\n\t\t<\/div>\n\t\t\t\t\t<\/div>\n\n\t\n\n\t<div id=\"col-750197659\" class=\"col medium-4 small-12 large-4\"  >\n\t\t\t\t<div class=\"col-inner\"  >\n\t\t\t\n\t\t\t\n\n\t<section class=\"section\" id=\"section_2065104619\">\n\t\t<div class=\"section-bg fill\" >\n\t\t\t\t\t\t\t\t\t\n\t\t\t\n\n\t\t<\/div>\n\n\t\t\n\n\t\t<div class=\"section-content relative\">\n\t\t\t\n<div class=\"container section-title-container\" ><h3 class=\"section-title section-title-normal\"><b aria-hidden=\"true\"><\/b><span class=\"section-title-main\" style=\"font-size:90%;\">Votre engagement<\/span><b aria-hidden=\"true\"><\/b><\/h3><\/div>\n<p>Par votre contribution, favorisez le transfert de savoir.<\/p>\n<a data-animate=\"bounceInDown\" href=\"https:\/\/seniorexpertcontact.org\/fr\/freie-spenden\/\" class=\"button primary is-outline expand\" style=\"border-radius:5px;\">\n\t\t<span>Formulaire de don<\/span>\n\t<\/a>\n\n\t\t<\/div>\n\n\t\t\n<style>\n#section_2065104619 {\n  padding-top: 30px;\n  padding-bottom: 30px;\n  background-color: rgb(242, 242, 242);\n}\n<\/style>\n\t<\/section>\n\t\n\n\t<section class=\"section dark\" id=\"section_686568479\">\n\t\t<div class=\"section-bg fill\" >\n\t\t\t\t\t\t\t\t\t\n\t\t\t\n\n\t\t<\/div>\n\n\t\t\n\n\t\t<div class=\"section-content relative\">\n\t\t\t\n<div class=\"container section-title-container\" ><h3 class=\"section-title section-title-normal\"><b aria-hidden=\"true\"><\/b><span class=\"section-title-main\" style=\"font-size:90%;\">EXEMPLES DE MISSIONS<\/span><b aria-hidden=\"true\"><\/b><\/h3><\/div>\n<p>D\u00e9couvrez nos activit\u00e9s avec des exemples de missions (class\u00e9es par pays).<\/p>\n<a data-animate=\"bounceInDown\" href=\"https:\/\/seniorexpertcontact.org\/einsatzbeispiele\/\" class=\"button secondary expand\" style=\"border-radius:5px;\">\n\t\t<span>EXEMPLES DE MISSIONS SEC<\/span>\n\t<\/a>\n\n\t<div class=\"img has-hover x md-x lg-x y md-y lg-y\" id=\"image_575260596\">\n\t\t<a class=\"\" href=\"https:\/\/seniorexpertcontact.org\/einsatzbeispiele\/\" >\t\t\t\t\t\t<div class=\"img-inner image-cover dark\" style=\"padding-top:56.25%;\">\n\t\t\t<img loading=\"lazy\" decoding=\"async\" width=\"280\" height=\"210\" src=\"https:\/\/seniorexpertcontact.org\/wp-content\/uploads\/SEC-CoordinatorSeminar_LA_2016-61-280x210.jpg\" class=\"attachment-thumbnail size-thumbnail\" alt=\"\" srcset=\"https:\/\/seniorexpertcontact.org\/wp-content\/uploads\/SEC-CoordinatorSeminar_LA_2016-61-280x210.jpg 280w, https:\/\/seniorexpertcontact.org\/wp-content\/uploads\/SEC-CoordinatorSeminar_LA_2016-61-510x383.jpg 510w, https:\/\/seniorexpertcontact.org\/wp-content\/uploads\/SEC-CoordinatorSeminar_LA_2016-61-533x400.jpg 533w, https:\/\/seniorexpertcontact.org\/wp-content\/uploads\/SEC-CoordinatorSeminar_LA_2016-61-768x576.jpg 768w, https:\/\/seniorexpertcontact.org\/wp-content\/uploads\/SEC-CoordinatorSeminar_LA_2016-61-800x600.jpg 800w, https:\/\/seniorexpertcontact.org\/wp-content\/uploads\/SEC-CoordinatorSeminar_LA_2016-61-820x615.jpg 820w, https:\/\/seniorexpertcontact.org\/wp-content\/uploads\/SEC-CoordinatorSeminar_LA_2016-61.jpg 1400w\" sizes=\"auto, (max-width: 280px) 100vw, 280px\" \/>\t\t\t\t\t\t\n\t\t\t\t\t<\/div>\n\t\t\t\t\t\t<\/a>\t\t\n<style>\n#image_575260596 {\n  width: 100%;\n}\n<\/style>\n\t<\/div>\n\t\n\t\t<\/div>\n\n\t\t\n<style>\n#section_686568479 {\n  padding-top: 30px;\n  padding-bottom: 30px;\n  background-color: #00338D;\n}\n<\/style>\n\t<\/section>\n\t\n\t\t<\/div>\n\t\t\t\t\t<\/div>\n\n\t\n<\/div>\n\t<div id=\"gap-101858957\" class=\"gap-element clearfix\" style=\"display:block; height:auto;\">\n\t\t\n<style>\n#gap-101858957 {\n  padding-top: 40px;\n}\n<\/style>\n\t<\/div>\n\t\n","protected":false},"excerpt":{"rendered":"","protected":false},"author":1,"featured_media":1917,"parent":0,"menu_order":1,"comment_status":"closed","ping_status":"closed","template":"page-blank.php","meta":{"footnotes":""},"class_list":["post-4704","page","type-page","status-publish","has-post-thumbnail","hentry"],"aioseo_notices":[],"_links":{"self":[{"href":"https:\/\/seniorexpertcontact.org\/fr\/wp-json\/wp\/v2\/pages\/4704","targetHints":{"allow":["GET"]}}],"collection":[{"href":"https:\/\/seniorexpertcontact.org\/fr\/wp-json\/wp\/v2\/pages"}],"about":[{"href":"https:\/\/seniorexpertcontact.org\/fr\/wp-json\/wp\/v2\/types\/page"}],"author":[{"embeddable":true,"href":"https:\/\/seniorexpertcontact.org\/fr\/wp-json\/wp\/v2\/users\/1"}],"replies":[{"embeddable":true,"href":"https:\/\/seniorexpertcontact.org\/fr\/wp-json\/wp\/v2\/comments?post=4704"}],"version-history":[{"count":2,"href":"https:\/\/seniorexpertcontact.org\/fr\/wp-json\/wp\/v2\/pages\/4704\/revisions"}],"predecessor-version":[{"id":20489,"href":"https:\/\/seniorexpertcontact.org\/fr\/wp-json\/wp\/v2\/pages\/4704\/revisions\/20489"}],"wp:featuredmedia":[{"embeddable":true,"href":"https:\/\/seniorexpertcontact.org\/fr\/wp-json\/wp\/v2\/media\/1917"}],"wp:attachment":[{"href":"https:\/\/seniorexpertcontact.org\/fr\/wp-json\/wp\/v2\/media?parent=4704"}],"curies":[{"name":"wp","href":"https:\/\/api.w.org\/{rel}","templated":true}]}}